{"id":1031,"date":"2024-05-09T10:10:07","date_gmt":"2024-05-09T20:10:07","guid":{"rendered":"https:\/\/www.tahitibeachhouse.com\/?page_id=1031"},"modified":"2024-05-09T10:10:08","modified_gmt":"2024-05-09T20:10:08","slug":"tbh-normas-y-reglamentos","status":"publish","type":"page","link":"https:\/\/www.tahitibeachhouse.com\/es\/tbh-normas-y-reglamentos\/","title":{"rendered":"TBH Normas y reglamentos"},"content":{"rendered":"\n<p>Entre el cliente y Tahiti beach house, representada por el propietario.<\/p>\n\n\n\n<p>El alquiler de Tahiti beach house (TBH) est\u00e1 pensado para que se sienta como en casa, lo que se hace bajo ciertas condiciones; la primera es que acepte el reglamento interno de TBH as\u00ed como la ley francesa que rige el alquiler de temporada firm\u00e1ndola y las condiciones del seguro; Todo lo que se pone a su disposici\u00f3n en la propiedad demuestra la confianza que depositamos en usted y todos nuestros esfuerzos para proporcionarle comodidad y satisfacci\u00f3n; por favor, aprecie esta elecci\u00f3n y a cambio respete las normas de la casa, a la propietaria y al equipo de limpieza que la representa.<\/p>\n\n\n\n<p>Acogida (check in, check out), limpieza, entrega de la fianza a un responsable de TBH<\/p>\n\n\n\n<p><strong>Dep\u00f3sito<\/strong><\/p>\n\n\n\n<p>La fianza de 150.000 fcp se devuelve en un plazo de 7 d\u00edas si se cumplen las condiciones.<\/p>\n\n\n\n<p>En el momento de la salida, comunique al responsable del TBH si se ha retirado alg\u00fan art\u00edculo bajo su responsabilidad y no se ha devuelto, se ha perdido, est\u00e1 fuera de servicio, manchado, roto o ara\u00f1ado; su reparaci\u00f3n o sustituci\u00f3n se deducir\u00e1 de la fianza; si sustituye el art\u00edculo, deber\u00e1 poner la factura a nombre del propietario o de Tahiti beach house, y el art\u00edculo deber\u00e1 ser del mismo valor y no de calidad o coste inferior; en caso de litigio, prevalecer\u00e1 la decisi\u00f3n del responsable del TBH. Si no es posible recomprar el art\u00edculo en Polinesia, se estimar\u00e1 el coste.<\/p>\n\n\n\n<p><strong>Por favor,<\/strong><\/p>\n\n\n\n<p>no anadr con zapatos en la casa (costumbre local);<\/p>\n\n\n\n<p>no fumar en la casa<\/p>\n\n\n\n<p>no mover los extintores;<\/p>\n\n\n\n<p>no hacer rodar el equipaje ni tirar de los muebles por el suelo (ara\u00f1azos);<\/p>\n\n\n\n<p>no mover los muebles;<\/p>\n\n\n\n<p>no dejar el equipamiento dom\u00e9stico y\/o las pertenencias en el exterior (garaje, terraza, playa, jard\u00edn) por la noche.<\/p>\n\n\n\n<p>no invadir la propiedad del vecino, que est\u00e1 delimitada por plantas; no utilizar su hamaca junto al mar.<\/p>\n\n\n\n<p>no dejar su piragua, kayak o remo en el mar, y devolverlo a la playa;<\/p>\n\n\n\n<p>no hacer ruido antes de las 7 de la ma\u00f1ana ni despu\u00e9s de las 9 de la noche;<\/p>\n\n\n\n<p>no poner sillas de aluminio en el jard\u00edn ni en el mar<\/p>\n\n\n\n<p>no pinte ni da\u00f1e los guijarros, piedras u otras obras de arte de la propiedad;<\/p>\n\n\n\n<p>no saque ning\u00fan objeto o pertenencia de la propiedad;<\/p>\n\n\n\n<p>no instale tiendas de campa\u00f1a ni carpas en la propiedad;<\/p>\n\n\n\n<p>no cuelgue la ropa en ning\u00fan sitio que no sean los tendederos del entresuelo, el garaje o las secadoras port\u00e1tiles.<\/p>\n\n\n\n<p>no altere la estructura del jard\u00edn, la casa o las dependencias (sin clavos, tornillos, pegamento u otros materiales).<\/p>\n\n\n\n<p>no utilices el armario de la ropa blanca ni el trastero.<\/p>\n\n\n\n<p>no se siente sobre las mosquiteras de las camas, ya que pueden rasgarse;<\/p>\n\n\n\n<p>no dejes la ropa sucia y h\u00fameda amontonada, ya que se enmohecer\u00e1; s\u00e9cala antes de amontonarla o lavarla.<\/p>\n\n\n\n<p>no deje a la intemperie equipos sensibles al agua (dardos, bolas de petanca, juegos).<\/p>\n\n\n\n<p>no deje los veh\u00edculos abiertos con la llave puesta.<\/p>\n\n\n\n<p><strong>Por favor<\/strong><\/p>\n\n\n\n<p>guarda los alimentos en la despensa o el frigor\u00edfico para evitar atraer insectos o roedores.<\/p>\n\n\n\n<p>cierra con llave la piragua y el kayak por la noche; quita el tap\u00f3n de la piragua para que la lluvia no la llene y d\u00e9jalo en la piragua;<\/p>\n\n\n\n<p>apaga las luces de la casa, el corredor, el garaje y el jard\u00edn, as\u00ed como el aire acondicionado y los ventiladores, cuando salgas o cuando no los est\u00e9s utilizando;<\/p>\n\n\n\n<p>cierra los ventanales del sal\u00f3n (no necesariamente con llave) por la noche para que no entren los gatos de los vecinos, la lluvia y el viento;<\/p>\n\n\n\n<p>cierra la ventana del piso de arriba que da al mar si llueve y hace viento (de lo contrario, podr\u00eda entrar agua en el dormitorio principal);<\/p>\n\n\n\n<p>cierra la casa (verja y puerta peatonal) dos veces por la noche;<\/p>\n\n\n\n<p>devolver los libros prestados a la biblioteca. Las donaciones de libros son bienvenidas.<\/p>\n\n\n\n<p>asegure su bicicleta si sale y se detiene en alg\u00fan lugar.<\/p>\n\n\n\n<p><strong>Tahiti beach house le recomienda<\/strong><\/p>\n\n\n\n<p>dejar las papeleras en su sitio en el patio trasero; clasificar las papeleras y sacarlas al borde de la carretera la v\u00edspera de los d\u00edas que est\u00e1n anotados en las propias papeleras:<\/p>\n\n\n\n<p>Gris, cerca de la puerta: papel grasiento, bandejas de pl\u00e1stico sucias, de todo;<\/p>\n\n\n\n<p>Verde, cerca de la verja: papel limpio, cart\u00f3n, botellas de pl\u00e1stico limpias;<\/p>\n\n\n\n<p>Compost bajo el \u00e1rbol de mango: s\u00f3lo hojas del \u00e1rbol, sin ramas ni hierba.<\/p>\n\n\n\n<p>Restos comestibles (carne, pescado), peladuras de frutas y verduras: para cangrejos o pescado, en el mar;<\/p>\n\n\n\n<p>Contenedores para pilas: tiendas U a 200 m, gasolineras;<\/p>\n\n\n\n<p>Contenedor de vidrio: el \u00fanico de la isla, cerca del supermercado To&#8217;a Moorea, a 1 km al sur del muelle.<\/p>\n\n\n\n<p><strong>Por su seguridad, tenga cuidado con<\/strong><\/p>\n\n\n\n<p>agujeros de cangrejos en el c\u00e9sped junto al mar;<\/p>\n\n\n\n<p>corales y peces piedra en el mar;<\/p>\n\n\n\n<p>las corrientes o el viento antes de coger la piragua o el kayak<\/p>\n","protected":false},"excerpt":{"rendered":"<p>Entre el cliente y Tahiti beach house, representada por el propietario. El alquiler de Tahiti beach house (TBH) est\u00e1 pensado para que se sienta como en casa, lo que se hace bajo ciertas condiciones; la primera es que acepte el reglamento interno de TBH as\u00ed como la ley francesa que rige el alquiler de temporada [&hellip;]<\/p>\n","protected":false},"author":3,"featured_media":0,"parent":0,"menu_order":0,"comment_status":"closed","ping_status":"closed","template":"","meta":{"_genesis_hide_title":false,"_genesis_hide_breadcrumbs":false,"_genesis_hide_singular_image":false,"_genesis_hide_footer_widgets":false,"_genesis_custom_body_class":"","_genesis_custom_post_class":"","_genesis_layout":"","footnotes":""},"class_list":{"0":"post-1031","1":"page","2":"type-page","3":"status-publish","5":"entry"},"_links":{"self":[{"href":"https:\/\/www.tahitibeachhouse.com\/es\/wp-json\/wp\/v2\/pages\/1031","targetHints":{"allow":["GET"]}}],"collection":[{"href":"https:\/\/www.tahitibeachhouse.com\/es\/wp-json\/wp\/v2\/pages"}],"about":[{"href":"https:\/\/www.tahitibeachhouse.com\/es\/wp-json\/wp\/v2\/types\/page"}],"author":[{"embeddable":true,"href":"https:\/\/www.tahitibeachhouse.com\/es\/wp-json\/wp\/v2\/users\/3"}],"replies":[{"embeddable":true,"href":"https:\/\/www.tahitibeachhouse.com\/es\/wp-json\/wp\/v2\/comments?post=1031"}],"version-history":[{"count":1,"href":"https:\/\/www.tahitibeachhouse.com\/es\/wp-json\/wp\/v2\/pages\/1031\/revisions"}],"predecessor-version":[{"id":1033,"href":"https:\/\/www.tahitibeachhouse.com\/es\/wp-json\/wp\/v2\/pages\/1031\/revisions\/1033"}],"wp:attachment":[{"href":"https:\/\/www.tahitibeachhouse.com\/es\/wp-json\/wp\/v2\/media?parent=1031"}],"curies":[{"name":"wp","href":"https:\/\/api.w.org\/{rel}","templated":true}]}}