{"id":269,"date":"2012-06-30T08:54:51","date_gmt":"2012-06-30T18:54:51","guid":{"rendered":"https:\/\/www.tahitibeachhouse.com\/?page_id=269"},"modified":"2024-05-15T08:38:58","modified_gmt":"2024-05-15T18:38:58","slug":"la-casa","status":"publish","type":"page","link":"https:\/\/www.tahitibeachhouse.com\/es\/la-casa\/","title":{"rendered":"La Casa"},"content":{"rendered":"<p><img loading=\"lazy\" decoding=\"async\" class=\"aligncenter  wp-image-1064\" src=\"https:\/\/www.tahitibeachhouse.com\/wp-content\/uploads\/2024\/05\/the-house.png\" alt=\"\" width=\"574\" height=\"658\" srcset=\"https:\/\/www.tahitibeachhouse.com\/wp-content\/uploads\/2024\/05\/the-house.png 1022w, https:\/\/www.tahitibeachhouse.com\/wp-content\/uploads\/2024\/05\/the-house-262x300.png 262w, https:\/\/www.tahitibeachhouse.com\/wp-content\/uploads\/2024\/05\/the-house-893x1024.png 893w, https:\/\/www.tahitibeachhouse.com\/wp-content\/uploads\/2024\/05\/the-house-768x881.png 768w\" sizes=\"auto, (max-width: 574px) 100vw, 574px\" \/><\/p>\n<p>Mis padres, un padre franc\u00e9s y una madre tahitiana, construyeron esta bella casa de madera sobre pilote hace 30 a\u00f1os cuando s\u00f3lo un camino de arena y una docena de coches recorr\u00edan Mo&#8217;orea. Ha sido renovada en 2007 y 2008. El tejado en tejas de bosque es recubierto con chapas blancas que, cuando se llega por el mar, es escondido por los \u00e1rboles. Los ventanales le invitan a mirar los bellos jardines y la laguna desde el sal\u00f3n. Cuadros, mobiliario, decoraci\u00f3n y colchas tahitianas contribuyen al ambiente caluroso de esta casa:<\/p>\n<p><strong>Superficie<\/strong>: Rez de calzada 147 m2, primer piso 64 m2, deck 42 m2; jard\u00edn 3000 m2.<\/p>\n<p>3 cuartos de 15 m2 con la cama king size (el situada lado mar es climatizado),<\/p>\n<p>2 salas de ba\u00f1o de 9 m2,<\/p>\n<p>Las camas suplementarias: 1 king y 1 queen size en el primer piso (desv\u00e1n);<\/p>\n<p>Sal\u00f3n de 54 m2 con un bello espacio bajo el tejado, la cocina de 18 m2, deck con mesa exterior;<\/p>\n<p><strong>Exterior<\/strong><br \/>\nAnexo del garaje: sal\u00f3n de masaje de 12 m2, aparcamiento cubierto para 2 coches, un p\u00f3rtico el\u00e9ctrico, un paso cubierto en tejas de bosque del aparcamiento a la casa sobre 32 m, muy apreciable cuando llueve;<\/p>\n<p>Jard\u00edn florido y plantado por \u00e1rboles frutales, que se puede alumbrar por las noches;<\/p>\n<p>El paso est\u00e1 en frente, al arrecife, y podemos anclar un barco delante de la casa entre los corales. El ba\u00f1o es confortable sobre un fondo de arena blanca. La orilla es protegida por un fondo de roca. El agua es profunda hasta rodillas algunos pasos, luego se hace turquesa, luego azul marino, ideal para marchar, nadar y zambullirse con una tuba. Puede que usted ve rayas leopardos, conchas, peces, una tortuga, algunos habitantes coloreados de los corales&#8230;<\/p>\n<p>Una peque\u00f1a monta\u00f1a en segundo plano protege la casa de los vientos frescos del sur en temporada seca (el julio).<\/p>\n<p><strong>Acceso al equipo:<\/strong> microondas, m\u00e1quina a caf\u00e9, fuente a agua, frigor\u00edfico, m\u00e1quina de cocer el arroz, horno, m\u00e1quina a lavar 9 kg, hierro y mesa de planchar, tendedero exterior o al primer piso, utensilios, vajilla, una barbacoa a gas, 3 tumbonas, una piragua a balanc\u00edn, un kayac, difusores el\u00e9ctricos antimosquitos, palmas (grande talla), m\u00e1scaras, tubas, mosquitero, hamaca, TV (+ Netflix), ventiladores transportables.<\/p>\n<p><strong>Servicios incluidos<\/strong>: acceso internet fibra optica, TV con 27 cadenas TNS (algunas pel\u00edculas est\u00e1n disponibles en ingl\u00e9s sobre Cine emotion, TPS star. Cartoon network, ESPN y la CNN est\u00e1n en ingl\u00e9s), c\u00e9sped esquilado 1 vez cada 2 semanas, jard\u00edn bien mantenido, las cargas (electricidad, &#8230;), consigna a equipaje (bajo condiciones).<\/p>\n<p><strong>Gastos adicionales:<\/strong><br \/>\nLa casa propone servicios diversos de complemento (hogar, planchar, limpiar) y los contactos por cocinero tahitiano a casa (cocina familiar francesa, tahitiana y china: pez crudo tahitiano con leche de coco, sashimi), masaje tahitiano, organizaci\u00f3n de juerga tahitiana, de noche musical con DJ, alquiler de coche, scooter, bicicleta, una l\u00ednea telef\u00f3nica. Las tarifas est\u00e1n disponibles a casa.<\/p>\n","protected":false},"excerpt":{"rendered":"<p>Mis padres, un padre franc\u00e9s y una madre tahitiana, construyeron esta bella casa de madera sobre pilote hace 30 a\u00f1os cuando s\u00f3lo un camino de arena y una docena de coches recorr\u00edan Mo&#8217;orea. Ha sido renovada en 2007 y 2008. El tejado en tejas de bosque es recubierto con chapas blancas que, cuando se llega [&hellip;]<\/p>\n","protected":false},"author":2,"featured_media":0,"parent":0,"menu_order":0,"comment_status":"open","ping_status":"open","template":"","meta":{"_genesis_hide_title":false,"_genesis_hide_breadcrumbs":false,"_genesis_hide_singular_image":false,"_genesis_hide_footer_widgets":false,"_genesis_custom_body_class":"","_genesis_custom_post_class":"","_genesis_layout":"","footnotes":""},"class_list":{"0":"post-269","1":"page","2":"type-page","3":"status-publish","5":"entry"},"_links":{"self":[{"href":"https:\/\/www.tahitibeachhouse.com\/es\/wp-json\/wp\/v2\/pages\/269","targetHints":{"allow":["GET"]}}],"collection":[{"href":"https:\/\/www.tahitibeachhouse.com\/es\/wp-json\/wp\/v2\/pages"}],"about":[{"href":"https:\/\/www.tahitibeachhouse.com\/es\/wp-json\/wp\/v2\/types\/page"}],"author":[{"embeddable":true,"href":"https:\/\/www.tahitibeachhouse.com\/es\/wp-json\/wp\/v2\/users\/2"}],"replies":[{"embeddable":true,"href":"https:\/\/www.tahitibeachhouse.com\/es\/wp-json\/wp\/v2\/comments?post=269"}],"version-history":[{"count":2,"href":"https:\/\/www.tahitibeachhouse.com\/es\/wp-json\/wp\/v2\/pages\/269\/revisions"}],"predecessor-version":[{"id":1084,"href":"https:\/\/www.tahitibeachhouse.com\/es\/wp-json\/wp\/v2\/pages\/269\/revisions\/1084"}],"wp:attachment":[{"href":"https:\/\/www.tahitibeachhouse.com\/es\/wp-json\/wp\/v2\/media?parent=269"}],"curies":[{"name":"wp","href":"https:\/\/api.w.org\/{rel}","templated":true}]}}