{"id":277,"date":"2012-06-30T09:01:07","date_gmt":"2012-06-30T19:01:07","guid":{"rendered":"https:\/\/www.tahitibeachhouse.com\/?page_id=277"},"modified":"2024-05-07T03:23:29","modified_gmt":"2024-05-07T13:23:29","slug":"envia","status":"publish","type":"page","link":"https:\/\/www.tahitibeachhouse.com\/es\/envia\/","title":{"rendered":"Envia"},"content":{"rendered":"<p>Si usted se va del muelle de los transbordadores de Vaiare, es a 17 km al este, en Maharepa, entre el aeropuerto y la bah\u00eda de Cook. Usted sobrepasar\u00e1 un primer hotel, Sofitel Ia ora, el punto de vista Toatea, el cruzamiento del aeropuerto, usted todav\u00eda debe recorrer 4,5km. La casa es 100m despu\u00e9s del \u00bb Magasin R\u00e9my \u00bb (tienda) al lado de la monta\u00f1a y antes del restaurante \u00able Cocotier\u00bb. Desde la tienda, es despu\u00e9s del peque\u00f1o puente blanco y el primer reverbero, al lado del mar; las paredes del garaje son amarillas y rojas, la propiedad es cerrada por una pared de madera al lado de la calle.<\/p>\n<p>Si usted sobrepasa el hotel Manava Beach resort &amp; spa, entonces usted hizo 1,5 km de exceso.<\/p>\n<p>La Tahit\u00ed beach house es justa frente al peque\u00f1o paso Irihonu (Encalladero de tortugas), en el Nordeste de la bah\u00eda de Cook, entonces, usted puede llegar all\u00e1 en barco privado y anclar delante de la casa.<\/p>\n<p><iframe loading=\"lazy\" src=\"http:\/\/maps.google.com\/maps?q=-17.48062,-149.796135&amp;num=1&amp;t=h&amp;sll=-17.538844,-149.829523&amp;sspn=0.085124,0.128059&amp;ie=UTF8&amp;ll=-17.53144,-149.839783&amp;spn=0.15714,0.219727&amp;z=12&amp;output=embed\" width=\"640\" height=\"480\" frameborder=\"0\" marginwidth=\"0\" marginheight=\"0\" scrolling=\"no\"><\/iframe><br \/>\n<small><a style=\"color: #0000ff; text-align: left;\" href=\"http:\/\/maps.google.com\/maps?q=-17.48062,-149.796135&amp;num=1&amp;t=h&amp;sll=-17.538844,-149.829523&amp;sspn=0.085124,0.128059&amp;ie=UTF8&amp;ll=-17.53144,-149.839783&amp;spn=0.15714,0.219727&amp;z=12&amp;source=embed\">Mapa m\u00e1s grande<\/a><\/small><\/p>\n","protected":false},"excerpt":{"rendered":"<p>Si usted se va del muelle de los transbordadores de Vaiare, es a 17 km al este, en Maharepa, entre el aeropuerto y la bah\u00eda de Cook. Usted sobrepasar\u00e1 un primer hotel, Sofitel Ia ora, el punto de vista Toatea, el cruzamiento del aeropuerto, usted todav\u00eda debe recorrer 4,5km. La casa es 100m despu\u00e9s del [&hellip;]<\/p>\n","protected":false},"author":2,"featured_media":0,"parent":0,"menu_order":0,"comment_status":"open","ping_status":"open","template":"","meta":{"_genesis_hide_title":false,"_genesis_hide_breadcrumbs":false,"_genesis_hide_singular_image":false,"_genesis_hide_footer_widgets":false,"_genesis_custom_body_class":"","_genesis_custom_post_class":"","_genesis_layout":"","footnotes":""},"class_list":{"0":"post-277","1":"page","2":"type-page","3":"status-publish","5":"entry"},"_links":{"self":[{"href":"https:\/\/www.tahitibeachhouse.com\/es\/wp-json\/wp\/v2\/pages\/277","targetHints":{"allow":["GET"]}}],"collection":[{"href":"https:\/\/www.tahitibeachhouse.com\/es\/wp-json\/wp\/v2\/pages"}],"about":[{"href":"https:\/\/www.tahitibeachhouse.com\/es\/wp-json\/wp\/v2\/types\/page"}],"author":[{"embeddable":true,"href":"https:\/\/www.tahitibeachhouse.com\/es\/wp-json\/wp\/v2\/users\/2"}],"replies":[{"embeddable":true,"href":"https:\/\/www.tahitibeachhouse.com\/es\/wp-json\/wp\/v2\/comments?post=277"}],"version-history":[{"count":1,"href":"https:\/\/www.tahitibeachhouse.com\/es\/wp-json\/wp\/v2\/pages\/277\/revisions"}],"predecessor-version":[{"id":919,"href":"https:\/\/www.tahitibeachhouse.com\/es\/wp-json\/wp\/v2\/pages\/277\/revisions\/919"}],"wp:attachment":[{"href":"https:\/\/www.tahitibeachhouse.com\/es\/wp-json\/wp\/v2\/media?parent=277"}],"curies":[{"name":"wp","href":"https:\/\/api.w.org\/{rel}","templated":true}]}}