{"id":281,"date":"2012-06-30T09:04:45","date_gmt":"2012-06-30T19:04:45","guid":{"rendered":"https:\/\/www.tahitibeachhouse.com\/?page_id=281"},"modified":"2024-05-07T03:42:39","modified_gmt":"2024-05-07T13:42:39","slug":"moorea","status":"publish","type":"page","link":"https:\/\/www.tahitibeachhouse.com\/es\/moorea\/","title":{"rendered":"Moorea"},"content":{"rendered":"<p><strong>Moo&#8217;rea<\/strong>, isla-hermana de Tahit\u00ed<\/p>\n<p>La dulzura y la constancia de los alisios impiden los calores demasiado gruesos y aseguran la mejor insolaci\u00f3n de la isla. Esto explica en parte tambi\u00e9n como haya menos mosquitos en nuestra casa que dentro de los valles. El aire puro y salino, la limpidez de la laguna, la calma, la belleza del jard\u00edn y el sello de la casa le seducir\u00e1n.<\/p>\n<p>Su emplazamiento es muy pr\u00e1ctico, a 4,5 km del aeropuerto, a 17 km del muelle. El trayecto hacia Pape&#8217;ete dura 7 mn en avi\u00f3n, 30 mn en transbordador r\u00e1pido, 45 mn en transbordador de coches. Es tambi\u00e9n a 3km del golf, a 2 km del centro comercial de Maharepa (m\u00e9dicos, farmacia, banco). Hay 35 cafeter\u00edas y restaurantes, galer\u00edas y tiendas, en un rayo de 5km. Hay una tienda de ultramarinos y restaurantes muy cerca.<\/p>\n<p>Moorea responde probablemente mejor a las esperas de los turistas que Bora Bora que era una antigua base americana durante la primera guerra mondi\u00e1l. En la historia polinesiana, porque las guerras cl\u00e1nicas eran frecuentes, Mo&#8217;orea acog\u00eda las tropas vencidas que se escapaban de Tahit\u00ed. El capit\u00e1n Cook vino a finales del siglo 18. En nuestros d\u00edas, aproximadamente 2000 personas viven en Mo&#8217;orea y trabajan en Tahit\u00ed. La inmensa mayor\u00eda de los pintores y los escultores viven en la isla para su belleza natural y la gentileza de su poblaci\u00f3n. Algunos locales hablan ingl\u00e9s, la inmensa mayor\u00eda habla el tahitiano que pertenece a las lenguas polinesias habladas en el tri\u00e1ngulo polinesio: Hawai&#8217; i-Isla de Pascua (Rapa nui) y Nueva Zelanda (Te-ao-tea-roa). La lengua oficial es el franc\u00e9s.<\/p>\n","protected":false},"excerpt":{"rendered":"<p>Moo&#8217;rea, isla-hermana de Tahit\u00ed La dulzura y la constancia de los alisios impiden los calores demasiado gruesos y aseguran la mejor insolaci\u00f3n de la isla. Esto explica en parte tambi\u00e9n como haya menos mosquitos en nuestra casa que dentro de los valles. El aire puro y salino, la limpidez de la laguna, la calma, la [&hellip;]<\/p>\n","protected":false},"author":2,"featured_media":0,"parent":0,"menu_order":0,"comment_status":"open","ping_status":"open","template":"","meta":{"_genesis_hide_title":false,"_genesis_hide_breadcrumbs":false,"_genesis_hide_singular_image":false,"_genesis_hide_footer_widgets":false,"_genesis_custom_body_class":"","_genesis_custom_post_class":"","_genesis_layout":"","footnotes":""},"class_list":{"0":"post-281","1":"page","2":"type-page","3":"status-publish","5":"entry"},"_links":{"self":[{"href":"https:\/\/www.tahitibeachhouse.com\/es\/wp-json\/wp\/v2\/pages\/281","targetHints":{"allow":["GET"]}}],"collection":[{"href":"https:\/\/www.tahitibeachhouse.com\/es\/wp-json\/wp\/v2\/pages"}],"about":[{"href":"https:\/\/www.tahitibeachhouse.com\/es\/wp-json\/wp\/v2\/types\/page"}],"author":[{"embeddable":true,"href":"https:\/\/www.tahitibeachhouse.com\/es\/wp-json\/wp\/v2\/users\/2"}],"replies":[{"embeddable":true,"href":"https:\/\/www.tahitibeachhouse.com\/es\/wp-json\/wp\/v2\/comments?post=281"}],"version-history":[{"count":1,"href":"https:\/\/www.tahitibeachhouse.com\/es\/wp-json\/wp\/v2\/pages\/281\/revisions"}],"predecessor-version":[{"id":934,"href":"https:\/\/www.tahitibeachhouse.com\/es\/wp-json\/wp\/v2\/pages\/281\/revisions\/934"}],"wp:attachment":[{"href":"https:\/\/www.tahitibeachhouse.com\/es\/wp-json\/wp\/v2\/media?parent=281"}],"curies":[{"name":"wp","href":"https:\/\/api.w.org\/{rel}","templated":true}]}}