{"id":304,"date":"2012-06-30T09:22:59","date_gmt":"2012-06-30T19:22:59","guid":{"rendered":"https:\/\/www.tahitibeachhouse.com\/?page_id=304"},"modified":"2024-05-09T10:58:00","modified_gmt":"2024-05-09T20:58:00","slug":"info-util","status":"publish","type":"page","link":"https:\/\/www.tahitibeachhouse.com\/es\/info-util\/","title":{"rendered":"Info util"},"content":{"rendered":"<p><strong>Aporte&#8230;<\/strong><br \/>\nTrajes tropicales relajados y elegantes, un chaleco (temporada fresca), tenis (para las revueltas), carnet de conducir, permiso de barco costero, tarjetas de cr\u00e9dito, gorra \/ sombrero, gafas de sol; tel\u00e9fono m\u00f3vil (Sistema Europa &#8211; Asia), ordenador portatil, c\u00e1mara de fotos (con su factura de compra para el control fronterizo si es nuevo), adaptador de enchufe &#8230;<\/p>\n<p><strong>Al momento de volverse&#8230;<\/strong><br \/>\nSeria mejor que tenga una factura de las perlas que usted compr\u00f3 y declara a la exportaci\u00f3n si son para hacer negocio. Existe un servicio local de agricultura que verifica y le dice cuales frutas, flores, plantas o alimento usted puede llevarse a casa y en cuales condiciones, sabiendo que los pa\u00edses vecinos del Pac\u00edfico apliquen un control severo con multas pesadas.<\/p>\n","protected":false},"excerpt":{"rendered":"<p>Aporte&#8230; Trajes tropicales relajados y elegantes, un chaleco (temporada fresca), tenis (para las revueltas), carnet de conducir, permiso de barco costero, tarjetas de cr\u00e9dito, gorra \/ sombrero, gafas de sol; tel\u00e9fono m\u00f3vil (Sistema Europa &#8211; Asia), ordenador portatil, c\u00e1mara de fotos (con su factura de compra para el control fronterizo si es nuevo), adaptador de [&hellip;]<\/p>\n","protected":false},"author":2,"featured_media":0,"parent":0,"menu_order":0,"comment_status":"open","ping_status":"open","template":"","meta":{"_genesis_hide_title":false,"_genesis_hide_breadcrumbs":false,"_genesis_hide_singular_image":false,"_genesis_hide_footer_widgets":false,"_genesis_custom_body_class":"","_genesis_custom_post_class":"","_genesis_layout":"","footnotes":""},"class_list":{"0":"post-304","1":"page","2":"type-page","3":"status-publish","5":"entry"},"_links":{"self":[{"href":"https:\/\/www.tahitibeachhouse.com\/es\/wp-json\/wp\/v2\/pages\/304","targetHints":{"allow":["GET"]}}],"collection":[{"href":"https:\/\/www.tahitibeachhouse.com\/es\/wp-json\/wp\/v2\/pages"}],"about":[{"href":"https:\/\/www.tahitibeachhouse.com\/es\/wp-json\/wp\/v2\/types\/page"}],"author":[{"embeddable":true,"href":"https:\/\/www.tahitibeachhouse.com\/es\/wp-json\/wp\/v2\/users\/2"}],"replies":[{"embeddable":true,"href":"https:\/\/www.tahitibeachhouse.com\/es\/wp-json\/wp\/v2\/comments?post=304"}],"version-history":[{"count":1,"href":"https:\/\/www.tahitibeachhouse.com\/es\/wp-json\/wp\/v2\/pages\/304\/revisions"}],"predecessor-version":[{"id":981,"href":"https:\/\/www.tahitibeachhouse.com\/es\/wp-json\/wp\/v2\/pages\/304\/revisions\/981"}],"wp:attachment":[{"href":"https:\/\/www.tahitibeachhouse.com\/es\/wp-json\/wp\/v2\/media?parent=304"}],"curies":[{"name":"wp","href":"https:\/\/api.w.org\/{rel}","templated":true}]}}