{"id":311,"date":"2012-06-30T09:43:33","date_gmt":"2012-06-30T19:43:33","guid":{"rendered":"https:\/\/www.tahitibeachhouse.com\/?page_id=311"},"modified":"2024-05-09T11:11:51","modified_gmt":"2024-05-09T21:11:51","slug":"pago","status":"publish","type":"page","link":"https:\/\/www.tahitibeachhouse.com\/es\/pago\/","title":{"rendered":"Pago"},"content":{"rendered":"<p>Dinero en efectivo o transferencia bancaria<\/p>\n<p><span style=\"text-decoration: underline;\">Contrato<\/span><br \/>\nDesde la entrada, el hu\u00e9sped firma un formulario simple de arrendamiento de alquiler temporal sometido a la reglamentaci\u00f3n francesa, con descarga de responsabilidad de la propietaria en caso de da\u00f1o imprevisto. El hu\u00e9sped acepta tambi\u00e9n respetar el regulamento interior.<\/p>\n<p><span style=\"text-decoration: underline;\">Fianza:<\/span><br \/>\nCon el fin de que todo objeto faltante o da\u00f1ado sea reemplazado, reparado o facturado, una fianza de 150000fcp nos es pagada lo m\u00e1s tarde a la entrada en la casa. El saldo o la fianza es restituido(a) en el mes que sigue la salida de la casa.<\/p>\n<p><span style=\"text-decoration: underline;\">Arras, reserva:<\/span><br \/>\nLa reserva es grabada m\u00e1s de un mes de antemano sobre pago de las arras, es decir el 25 % del importe global del alquiler. Hay que pagar 20\u20ac por transferencia bancaria para gastos bancarios.<\/p>\n<p><span style=\"text-decoration: underline;\">Pago del saldo:<\/span><br \/>\nEl pago del 75 % restantes nos es debido un mes de antemano. Hay que pagar 20\u20ac por transferencia bancaria para gastos bancarios.<\/p>\n<p><span style=\"text-decoration: underline;\">Condiciones de anulaci\u00f3n:<\/span><br \/>\nA m\u00e1s de 15 d\u00edas de la llegada: el 25 % de gasto<br \/>\nDesde 14 d\u00edas antes: el 100 % de gasto. si el propietario reembolsa al cliente, 20\u20ac se mantienen por transferencia bancaria para gastos bancarios.<\/p>\n","protected":false},"excerpt":{"rendered":"<p>Dinero en efectivo o transferencia bancaria Contrato Desde la entrada, el hu\u00e9sped firma un formulario simple de arrendamiento de alquiler temporal sometido a la reglamentaci\u00f3n francesa, con descarga de responsabilidad de la propietaria en caso de da\u00f1o imprevisto. El hu\u00e9sped acepta tambi\u00e9n respetar el regulamento interior. Fianza: Con el fin de que todo objeto faltante [&hellip;]<\/p>\n","protected":false},"author":2,"featured_media":0,"parent":0,"menu_order":0,"comment_status":"open","ping_status":"open","template":"","meta":{"_genesis_hide_title":false,"_genesis_hide_breadcrumbs":false,"_genesis_hide_singular_image":false,"_genesis_hide_footer_widgets":false,"_genesis_custom_body_class":"","_genesis_custom_post_class":"","_genesis_layout":"","footnotes":""},"class_list":{"0":"post-311","1":"page","2":"type-page","3":"status-publish","5":"entry"},"_links":{"self":[{"href":"https:\/\/www.tahitibeachhouse.com\/es\/wp-json\/wp\/v2\/pages\/311","targetHints":{"allow":["GET"]}}],"collection":[{"href":"https:\/\/www.tahitibeachhouse.com\/es\/wp-json\/wp\/v2\/pages"}],"about":[{"href":"https:\/\/www.tahitibeachhouse.com\/es\/wp-json\/wp\/v2\/types\/page"}],"author":[{"embeddable":true,"href":"https:\/\/www.tahitibeachhouse.com\/es\/wp-json\/wp\/v2\/users\/2"}],"replies":[{"embeddable":true,"href":"https:\/\/www.tahitibeachhouse.com\/es\/wp-json\/wp\/v2\/comments?post=311"}],"version-history":[{"count":1,"href":"https:\/\/www.tahitibeachhouse.com\/es\/wp-json\/wp\/v2\/pages\/311\/revisions"}],"predecessor-version":[{"id":942,"href":"https:\/\/www.tahitibeachhouse.com\/es\/wp-json\/wp\/v2\/pages\/311\/revisions\/942"}],"wp:attachment":[{"href":"https:\/\/www.tahitibeachhouse.com\/es\/wp-json\/wp\/v2\/media?parent=311"}],"curies":[{"name":"wp","href":"https:\/\/api.w.org\/{rel}","templated":true}]}}