{"id":314,"date":"2012-06-30T09:48:06","date_gmt":"2012-06-30T19:48:06","guid":{"rendered":"https:\/\/www.tahitibeachhouse.com\/?page_id=314"},"modified":"2024-05-07T03:10:34","modified_gmt":"2024-05-07T13:10:34","slug":"actividades","status":"publish","type":"page","link":"https:\/\/www.tahitibeachhouse.com\/es\/actividades\/","title":{"rendered":"Actividades"},"content":{"rendered":"<p><strong>Actividades tur\u00edsticas en la isla:<\/strong><\/p>\n<p><strong>Deportes: <\/strong>excursiones a pie, equitaci\u00f3n, golf, tenis, surf, pesca en alto mar, wake-board, sumergida, kite-surf (curso y alquiler), paraca\u00eddas ascensional;<\/p>\n<p><strong>Otro ocio: <\/strong>visitas guiadas de Moorea a tierra, sobre mar (ballenas, delfines, rayas, tiburones, tortugas) alquiler de coche con ch\u00f3fer, balada sobre la laguna en barco a fondo de vaso, curso de baile tahitiano, comida campestre sobre un islote, un alquiler de chorro-esqu\u00ed, de barco de motor r\u00e1pido, hacerse rodar bajo el mar, el sobrevuelo de la isla en helic\u00f3ptero, visitas guiadas de Tahit\u00ed, viaja en las islas por avi\u00f3n \/ barco \/ barco de alquiler \/ paquebote de crucero.<\/p>\n<p><strong>Ocio nocturno: <\/strong>night club (el viernes por la noche solamente), espect\u00e1culo de baile tahitiano, restaurante con animaci\u00f3n musical.<\/p>\n<p><strong>El golf de Tema&#8217;e<\/strong>, South Pacific golf, dibujado por Nicklaus es uno dieciocho hoyos, clasificado \u00bb entre 70 \u00ab, admitido sobre el circuito oficial. Desde los cinco hoyos, al pie de la monta\u00f1a, se puede percibir la silueta de Tahit\u00ed en el nordeste y dominar el trayecto, los once hoyos alrededor del lago de Tema&#8217; e, y los dos sobre el motu de Tema&#8217; e, cerca del mar.<\/p>\n<p>El club-house, con bar y restaurante, es cubierto de un tejado largo de telas de madera, (dibujado por un arquitecto polynesio), est\u00e1 instalado entre el lago y uno de los lagos artificiales que serve de practice sobre el agua.<\/p>\n<p>Desde que colinas verdosas de c\u00e9sped bordeadas por flores reemplazaron el bosque de <em>p\u00fcrau<\/em> (Hibiscus) y las ci\u00e9nagas, los vecinos gozan de la desaparici\u00f3n del nono (insectos que pinchan). La fuente de monta\u00f1a prodiga bastante para el c\u00e9sped y en parte para los habitantes (as\u00ed, el agua del grifo es muy buena en Maharepa).<\/p>\n<p><strong>Descanso:<\/strong><br \/>\nSu ritmo de vida, sobre todo si habitualmente desenfrenado o estresando, ser\u00e1 apaciguado por el de la isla y la gente. Usted puede entonces abandonarse a la indolencia de las islas, ba\u00f1arse en el mar, pedir una novela de la biblioteca del sal\u00f3n, aflojarse, no hacer nada! Por la ma\u00f1ana, usted puede ir a pie al \u00abchino\u00bb(tienda), de inc\u00f3gnito si eres conocido, y cruzar a los tahitianos del pueblo que van all\u00e1 tambi\u00e9n, a pie, en bicicleta o en coche.<\/p>\n","protected":false},"excerpt":{"rendered":"<p>Actividades tur\u00edsticas en la isla: Deportes: excursiones a pie, equitaci\u00f3n, golf, tenis, surf, pesca en alto mar, wake-board, sumergida, kite-surf (curso y alquiler), paraca\u00eddas ascensional; Otro ocio: visitas guiadas de Moorea a tierra, sobre mar (ballenas, delfines, rayas, tiburones, tortugas) alquiler de coche con ch\u00f3fer, balada sobre la laguna en barco a fondo de vaso, [&hellip;]<\/p>\n","protected":false},"author":2,"featured_media":0,"parent":0,"menu_order":0,"comment_status":"open","ping_status":"closed","template":"","meta":{"_genesis_hide_title":false,"_genesis_hide_breadcrumbs":false,"_genesis_hide_singular_image":false,"_genesis_hide_footer_widgets":false,"_genesis_custom_body_class":"","_genesis_custom_post_class":"","_genesis_layout":"","footnotes":""},"class_list":{"0":"post-314","1":"page","2":"type-page","3":"status-publish","5":"entry"},"_links":{"self":[{"href":"https:\/\/www.tahitibeachhouse.com\/es\/wp-json\/wp\/v2\/pages\/314","targetHints":{"allow":["GET"]}}],"collection":[{"href":"https:\/\/www.tahitibeachhouse.com\/es\/wp-json\/wp\/v2\/pages"}],"about":[{"href":"https:\/\/www.tahitibeachhouse.com\/es\/wp-json\/wp\/v2\/types\/page"}],"author":[{"embeddable":true,"href":"https:\/\/www.tahitibeachhouse.com\/es\/wp-json\/wp\/v2\/users\/2"}],"replies":[{"embeddable":true,"href":"https:\/\/www.tahitibeachhouse.com\/es\/wp-json\/wp\/v2\/comments?post=314"}],"version-history":[{"count":1,"href":"https:\/\/www.tahitibeachhouse.com\/es\/wp-json\/wp\/v2\/pages\/314\/revisions"}],"predecessor-version":[{"id":912,"href":"https:\/\/www.tahitibeachhouse.com\/es\/wp-json\/wp\/v2\/pages\/314\/revisions\/912"}],"wp:attachment":[{"href":"https:\/\/www.tahitibeachhouse.com\/es\/wp-json\/wp\/v2\/media?parent=314"}],"curies":[{"name":"wp","href":"https:\/\/api.w.org\/{rel}","templated":true}]}}