{"id":1035,"date":"2024-05-09T10:16:27","date_gmt":"2024-05-09T20:16:27","guid":{"rendered":"https:\/\/www.tahitibeachhouse.com\/?page_id=1035"},"modified":"2024-05-09T10:18:58","modified_gmt":"2024-05-09T20:18:58","slug":"tbh-reglement-interieur","status":"publish","type":"page","link":"https:\/\/www.tahitibeachhouse.com\/fr\/tbh-reglement-interieur\/","title":{"rendered":"TBH R\u00e8glement int\u00e9rieur"},"content":{"rendered":"\n<p>Entre le client et Tahiti beach house, repr\u00e9sent\u00e9 par la propri\u00e9taire.<\/p>\n\n\n\n<p>La location de Tahiti beach house (TBH) est con\u00e7ue pour que vous vous sentiez chez vous, ce qui est fait sous certaines conditions&nbsp;; la premi\u00e8re est que vous acceptiez le r\u00e8glement int\u00e9rieur&nbsp;de TBH ainsi que la loi fran\u00e7aise qui r\u00e9git la location saisonni\u00e8re en le signant et les conditions d\u2019assurance ; tout ce qui est mis \u00e0 votre disposition dans la propri\u00e9t\u00e9 vous indique toute la confiance que nous vous accordons ainsi que tous nos efforts dans le but de vous apporter confort et satisfaction&nbsp;; sachez appr\u00e9cier ce choix et en retour respectez les r\u00e8gles de la maison, la propri\u00e9taire et l\u2019\u00e9quipe d\u2019intendance qui la repr\u00e9sente.<\/p>\n\n\n\n<p><strong>Accueil<\/strong> (check in, check out), intendance, remise de la caution \u00e0 un responsable TBH.<\/p>\n\n\n\n<p><strong>Caution<\/strong><\/p>\n\n\n\n<p>La caution de 150 000 fcp est rendue dans les 7 jours si les conditions sont remplies.<\/p>\n\n\n\n<p>Signalez lors du check out au responsable TBH si sous votre responsabilit\u00e9 certains objets ont \u00e9t\u00e9 retir\u00e9s et non rapport\u00e9s, perdus, mis hors d&rsquo;usage, tach\u00e9s, d\u00e9chir\u00e9s, cass\u00e9s ou ray\u00e9s ; leur r\u00e9paration ou remplacement sera d\u00e9duit de la caution&nbsp;; si vous client remplacez l\u2019objet, vous devez mettre la facture au nom de la propri\u00e9taire ou de Tahiti beach house, et l\u2019objet doit \u00eatre de m\u00eame valeur et non pas de qualit\u00e9 ou co\u00fbt inf\u00e9rieur&nbsp;; en cas de contestation, la d\u00e9cision du responsable TBH fera foi. Quand le rachat de l\u2019objet n\u2019est pas possible en Polyn\u00e9sie, le co\u00fbt en sera estim\u00e9.<\/p>\n\n\n\n<p><strong>Nous vous prions de\/d\u2019:<\/strong><\/p>\n\n\n\n<p>ne pas entrer avec les chaussures dans la maison (coutume locale) ;<\/p>\n\n\n\n<p>ne pas fumer dans la maison ;<\/p>\n\n\n\n<p>ne pas changer les extincteurs de place&nbsp;;<\/p>\n\n\n\n<p>ne pas faire rouler les bagages ou tirer les meubles sur les parquets (rayures) ;<\/p>\n\n\n\n<p>ne pas changer les meubles de place&nbsp;;<\/p>\n\n\n\n<p>ne pas laisser le mat\u00e9riel de la maison et\/ou vos affaires dehors (garage, terrasse, plage, jardin) le soir.<\/p>\n\n\n\n<p>ne pas empi\u00e9ter sur la propri\u00e9t\u00e9 voisine, d\u00e9limit\u00e9e par des plantes, ne pas utiliser leur hamac en bord de mer.<\/p>\n\n\n\n<p>ne pas laisser la pirogue ou kayak ou paddle dans la mer, la\/le remonter sur la plage;<\/p>\n\n\n\n<p>ne pas faire de bruit avant 7h ni apr\u00e8s apr\u00e8s 21h;<\/p>\n\n\n\n<p>ne pas mettre les chaises alu dans le jardin, ni dans la mer;<\/p>\n\n\n\n<p>ne pas peindre ou endommager les galets ou pierres&nbsp;ou \u0153uvres de la propri\u00e9t\u00e9;<\/p>\n\n\n\n<p>ne sortir aucun objet ou effets de la propri\u00e9t\u00e9&nbsp;;<\/p>\n\n\n\n<p>ne pas planter de tente ou de chapiteau sur la propri\u00e9t\u00e9&nbsp;;<\/p>\n\n\n\n<p>ne pas \u00e9tendre de linge ailleurs que sur les fils \u00e0 \u00e9tendre de la mezzanine, du garage ou des s\u00e9choirs portables<\/p>\n\n\n\n<p>ne pas modifier la structure du jardin ou de la maison ou d\u00e9pendances (ni clou, vis, colle, apport de mat\u00e9riau)<\/p>\n\n\n\n<p>ne pas se servir dans le linge de maison ou la salle de remise.<\/p>\n\n\n\n<p>ne pas vous asseoir sur les moustiquaires des lits au risque de les d\u00e9chirer&nbsp;;<\/p>\n\n\n\n<p>ne pas laisser de linge de maison sale et humide entass\u00e9 car il moisirait&nbsp;; le faire s\u00e9cher avant de le mettre en tas ou le laver.<\/p>\n\n\n\n<p>ne pas laisser \u00e0 la pluie le mat\u00e9riel qui craint l\u2019eau (jeu de fl\u00e9chettes, boules de p\u00e9tanque, jeux)<\/p>\n\n\n\n<p>ne laissez pas vos v\u00e9hicules ouverts avec la cl\u00e9 dessus.<\/p>\n\n\n\n<p><strong>Pri\u00e8re de<\/strong>\/d&rsquo;<\/p>\n\n\n\n<p>placer la nourriture dans le garde-manger ou dans le frigidaire pour ne pas attirer insectes ou rongeurs.<\/p>\n\n\n\n<p>cadenasser la pirogue et le kayak la nuit ; retirer le bouchon de la pirogue pour que la pluie ne l\u2019emplisse pas et le laisser dans la pirogue&nbsp;;<\/p>\n\n\n\n<p>\u00e9teindre les lumi\u00e8res de la maison, du passage couvert, du garage et du jardin ainsi que la climatisation, les ventilateurs, &#8230; quand vous sortez, ou quand vous ne les utilisez pas ;<\/p>\n\n\n\n<p>fermer les baies vitr\u00e9es du salon (pas forc\u00e9ment \u00e0 clef) la nuit \u00e0 cause des chats du voisinage, pluie, vent;<\/p>\n\n\n\n<p>fermer la fen\u00eatre c\u00f4t\u00e9 mer \u00e0 l&rsquo;\u00e9tage s&rsquo;il pleut et vente fort (sinon l&rsquo;eau peut s&rsquo;infiltrer et couler dans la chambre de ma\u00eetre) ;<\/p>\n\n\n\n<p>fermer la propri\u00e9t\u00e9 (portail et portillon) \u00e0 clef \u00e0 double tour le soir;<\/p>\n\n\n\n<p>replacer le livre \u00e9ventuel emprunt\u00e9 dans la biblioth\u00e8que. Les dons de livres sont les bienvenus.<\/p>\n\n\n\n<p>cadenasser votre v\u00e9lo si vous sortez et vous arr\u00eatez quelque part.<\/p>\n\n\n\n<p><strong>Tahiti beach house vous recommande :<\/strong><\/p>\n\n\n\n<p>De laisser les poubelles \u00e0 leur place dans l\u2019arri\u00e8re cour\u00a0; le tri des poubelles et de les sortir en bord de route la veille des jours qui sont annot\u00e9s sur les poubelles-m\u00eames:<\/p>\n\n\n\n<p>Grise, pr\u00e8s du portail : papier gras, barquettes plastiques sales, tout ;<\/p>\n\n\n\n<p>Verte, pr\u00e8s du portail : papier propre, carton, bouteilles plastiques propres ;<\/p>\n\n\n\n<p>Compost sous le manguier : feuilles d\u2019arbres uniquement, pas de branche, ni d\u2019herbe.<\/p>\n\n\n\n<p>Restes comestibles (viande, poisson), \u00e9pluchures de fruits et l\u00e9gumes : pour les crabes ou les poissons, dans la mer&nbsp;;<\/p>\n\n\n\n<p>Container \u00e0 piles : magasin U \u00e0 200m, stations d\u2019essence ;<\/p>\n\n\n\n<p>Container pour le verre : au supermarch\u00e9 To\u2019a Moorea, \u00e0 1km au sud du quai, au supermarch\u00e9 Are \u00e0 Paopao.<\/p>\n\n\n\n<p><strong>Pour votre s\u00e9curit\u00e9, attention<\/strong><\/p>\n\n\n\n<p>aux trous de crabes dans la pelouse c\u00f4t\u00e9 mer&nbsp;;<\/p>\n\n\n\n<p>aux coraux, poissons-pierres dans la mer&nbsp;;<\/p>\n\n\n\n<p>au courant \u00e9ventuel ou vent avant de prendre la pirogue ou le kayak (et apprendre \u00e0 s&rsquo;en servir au pr\u00e9alable)&nbsp;;<\/p>\n\n\n\n<p>aux sols glissants de la douche et du garage\u00a0;<\/p>\n\n\n\n<p>\u00e0 ne pas laisser les enfants pr\u00e8s de l&rsquo;eau sans surveillance.<\/p>\n\n\n\n<p><strong>Avant de partir, soyez aimables de :<\/strong><\/p>\n\n\n\n<ul class=\"wp-block-list\">\n<li>placer vos ordures tri\u00e9es dans les bacs de l\u2019arri\u00e8re-cour\u00a0;<\/li>\n\n\n\n<li>porter vous-m\u00eames vos contenants en verre au supermarch\u00e9 Toa Moorea \u00e0 Vaiare.<\/li>\n\n\n\n<li>laver la vaisselle, les fours, le barbecue;<\/li>\n\n\n\n<li>mettre les draps (pas les couvertures), serviettes et torchons dans les pani\u00e8res pr\u00e8s de la machine \u00e0 laver, t\u00f4t, le matin de votre d\u00e9part\u00a0;<\/li>\n\n\n\n<li>indiquer au responsable TBH la date et l&rsquo;heure de d\u00e9part et prendre rv avec elle\/lui pour le check out, d\u00e8s le check in\u00a0;<\/li>\n\n\n\n<li>signaler au responsable TBH ce qui a \u00e9t\u00e9 perdu, cass\u00e9 ou endommag\u00e9\u00a0;<\/li>\n\n\n\n<li>rendre le(s) bip(s) d&rsquo;ouverture automatique du portail, les cl\u00e9s des kayaks-pirogue et la cl\u00e9 du coffre-fort\u00a0;<\/li>\n\n\n\n<li>ne pas oublier vos ordinateurs, appareils photo, chargeur de t\u00e9l\u00e9phone, t\u00e9l\u00e9phone, maillots de bain.<\/li>\n<\/ul>\n\n\n\n<p><strong>Coffre : <\/strong>Svp, nous rendre la cl\u00e9 avant de partir (6000fcp)<\/p>\n\n\n\n<p><strong>Bip(s) du portail automatis\u00e9 : <\/strong>Pour le portail. Svp nous le(s) rendre avant de partir. (6000 fcp&nbsp;pi\u00e8ce)<\/p>\n\n\n\n<p><strong>Portillon d&rsquo;entr\u00e9e, en bois : <\/strong>Rep\u00e9rez l&#8217;emplacement de la cl\u00e9, et gardez le portillon ferm\u00e9 (\u00e0 double tour) la nuit, ainsi que le portail.<\/p>\n\n\n\n<p><strong>Barbecue : <\/strong>Svp, tirez-le un peu \u00e0 l&rsquo;\u00e9cart du mur de la cuisine pour \u00e9viter que la fum\u00e9e n&rsquo;entre dans la maison.Assurez-vous que vous avez suffisamment de gaz avant de commencer \u00e0 cuire. Appuyez sur le bouton de s\u00e9curit\u00e9 vert avant usage. Il y a du gaz de rechange sous le plancher de la cuisine avec un inverseur, \u00e0 l\u2018ext\u00e9rieur. N&rsquo;oubliez pas d&rsquo;\u00e9teindre le gaz.<\/p>\n\n\n\n<p><strong>Tubas, masques, chaussettes de bain : <\/strong>Disponibles sur l&rsquo;\u00e9tag\u00e8re ext\u00e9rieure de la cuisine et le coffre \u00e0 masques ext\u00e9rieur&nbsp;; les replacer quand vous ne les utilisez pas. Ne pas laisser dehors ou dans la pirogue.<\/p>\n\n\n\n<p><strong>Frais suppl\u00e9mentaires&nbsp;:<\/strong><\/p>\n\n\n\n<p>M\u00e9nage&nbsp;: non inclus dans la location, selon la disponibilit\u00e9 de Patricia et Henriette&nbsp;; 1800f\/h<\/p>\n\n\n\n<p>Perte de cl\u00e9&nbsp;de Coffre<strong> : <\/strong>6000 fcp<\/p>\n\n\n\n<p>Perte de bip&nbsp;du portail automatis\u00e9 : 6000 fcp<\/p>\n\n\n\n<p>Perte de pirogue ou paddle&nbsp;: 150 000 fcp<\/p>\n\n\n\n<p>Perte de kayak&nbsp;: 30 000 fcp<\/p>\n\n\n\n<p>Perte de rame&nbsp;en bois : 10 000 fcp<\/p>\n\n\n\n<p>Perte de double rame&nbsp;: 17 000 fcp<\/p>\n\n\n\n<p>Perte de bout et ancre&nbsp;: 10 000 fcp Si vous ne faites pas le tri, cela vous co\u00fbtera 3000f par containeur de 120l.<\/p>\n","protected":false},"excerpt":{"rendered":"<p>Entre le client et Tahiti beach house, repr\u00e9sent\u00e9 par la propri\u00e9taire. La location de Tahiti beach house (TBH) est con\u00e7ue pour que vous vous sentiez chez vous, ce qui est fait sous certaines conditions&nbsp;; la premi\u00e8re est que vous acceptiez le r\u00e8glement int\u00e9rieur&nbsp;de TBH ainsi que la loi fran\u00e7aise qui r\u00e9git la location saisonni\u00e8re en [&hellip;]<\/p>\n","protected":false},"author":3,"featured_media":0,"parent":0,"menu_order":0,"comment_status":"closed","ping_status":"closed","template":"","meta":{"_genesis_hide_title":false,"_genesis_hide_breadcrumbs":false,"_genesis_hide_singular_image":false,"_genesis_hide_footer_widgets":false,"_genesis_custom_body_class":"","_genesis_custom_post_class":"","_genesis_layout":"","footnotes":""},"class_list":{"0":"post-1035","1":"page","2":"type-page","3":"status-publish","5":"entry"},"_links":{"self":[{"href":"https:\/\/www.tahitibeachhouse.com\/fr\/wp-json\/wp\/v2\/pages\/1035","targetHints":{"allow":["GET"]}}],"collection":[{"href":"https:\/\/www.tahitibeachhouse.com\/fr\/wp-json\/wp\/v2\/pages"}],"about":[{"href":"https:\/\/www.tahitibeachhouse.com\/fr\/wp-json\/wp\/v2\/types\/page"}],"author":[{"embeddable":true,"href":"https:\/\/www.tahitibeachhouse.com\/fr\/wp-json\/wp\/v2\/users\/3"}],"replies":[{"embeddable":true,"href":"https:\/\/www.tahitibeachhouse.com\/fr\/wp-json\/wp\/v2\/comments?post=1035"}],"version-history":[{"count":1,"href":"https:\/\/www.tahitibeachhouse.com\/fr\/wp-json\/wp\/v2\/pages\/1035\/revisions"}],"predecessor-version":[{"id":1037,"href":"https:\/\/www.tahitibeachhouse.com\/fr\/wp-json\/wp\/v2\/pages\/1035\/revisions\/1037"}],"wp:attachment":[{"href":"https:\/\/www.tahitibeachhouse.com\/fr\/wp-json\/wp\/v2\/media?parent=1035"}],"curies":[{"name":"wp","href":"https:\/\/api.w.org\/{rel}","templated":true}]}}