{"id":183,"date":"2012-06-08T14:51:59","date_gmt":"2012-06-09T00:51:59","guid":{"rendered":"https:\/\/www.tahitibeachhouse.com\/?page_id=183"},"modified":"2024-05-14T09:18:29","modified_gmt":"2024-05-14T19:18:29","slug":"la-maison","status":"publish","type":"page","link":"https:\/\/www.tahitibeachhouse.com\/fr\/la-maison\/","title":{"rendered":"La Maison"},"content":{"rendered":"<div class=\"wp-block-image\">\n<figure class=\"aligncenter is-resized\"><img loading=\"lazy\" decoding=\"async\" width=\"1022\" height=\"1172\" src=\"https:\/\/www.tahitibeachhouse.com\/wp-content\/uploads\/2024\/05\/the-house.png\" alt=\"\" class=\"wp-image-1061\" style=\"width:494px;height:auto\" srcset=\"https:\/\/www.tahitibeachhouse.com\/wp-content\/uploads\/2024\/05\/the-house.png 1022w, https:\/\/www.tahitibeachhouse.com\/wp-content\/uploads\/2024\/05\/the-house-262x300.png 262w, https:\/\/www.tahitibeachhouse.com\/wp-content\/uploads\/2024\/05\/the-house-893x1024.png 893w, https:\/\/www.tahitibeachhouse.com\/wp-content\/uploads\/2024\/05\/the-house-768x881.png 768w\" sizes=\"auto, (max-width: 1022px) 100vw, 1022px\" \/><\/figure>\n<\/div>\n\n\n<p>Mes parents, un p\u00e8re fran\u00e7ais et une m\u00e8re tahitienne, ont construit cette belle maison en bois sur pilotis il y a 40 ans quand seule une route de soupe de corail et une douzaine de voitures parcouraient Mo&rsquo;orea. Elle a \u00e9t\u00e9 r\u00e9nov\u00e9e en 2007, 2008, 2010, 2020. Le toit en tuiles de bois est recouvert de t\u00f4les blanches qui, lorsqu&rsquo;on arrive par la mer, est cach\u00e9 par les arbres. Les baies vitr\u00e9es vous invitent \u00e0 regarder les beaux jardins et le lagon depuis le salon. Tableaux, mobilier, d\u00e9coration et couvre-lits tahitiens contribuent \u00e0 l&rsquo;ambiance chaleureuse de cette maison :<\/p>\n\n\n\n<p><strong>Superficie<\/strong> :&nbsp;&nbsp;&nbsp; Rez de chauss\u00e9e 147 m2, mezzanine (au-dessus des 3 chambres) 64 m2, terrasse 42 m2; jardin 1500 m2.<\/p>\n\n\n\n<p>3 chambres de 15 m2 avec lit king size (celle cot\u00e9 mer est climatis\u00e9e),<\/p>\n\n\n\n<p>2 salles de bain de 9 m2,<\/p>\n\n\n\n<p>Mezzanine avec 1 lit queen size, des matelas : 2 king ; 1 berceau ;<\/p>\n\n\n\n<p>Salon de 54 m2 avec un bel espace sous le toit, cuisine de 18 m2, terrasse avec table ext\u00e9rieure ;<\/p>\n\n\n\n<p><strong>Ext\u00e9rieur<\/strong><\/p>\n\n\n\n<p>En rez de chauss\u00e9e du garage, r\u00e9serv\u00e9s au propri\u00e9taire&nbsp;:&nbsp; une place de parking couvert sur trois, un studio, une remise, du mat\u00e9riel de jardinage.<\/p>\n\n\n\n<p>Pour l\u2019h\u00f4te&nbsp;: deux places de parking couvert,<\/p>\n\n\n\n<p>Pour l\u2019h\u00f4te et le propri\u00e9taire&nbsp;: la salle de massage, l&rsquo;acc\u00e8s \u00e0 la mer et aux mat\u00e9riel flottant.<\/p>\n\n\n\n<p>pour le propri\u00e9taire uniquement : 1 place de parking, le studio attenant au garage, les armoires \u00e0 linge de maison de la salle de massage, la remise, la cueillette des fruits de la propri\u00e9t\u00e9.<\/p>\n\n\n\n<p>Annexe: un portail automatis\u00e9, un passage couvert en bardeaux de bois du parking \u00e0 la maison sur 32 m, tr\u00e8s appr\u00e9ciable quand il pleut ;<\/p>\n\n\n\n<p>Jardin fleuri et plant\u00e9 d\u2019arbres fruitiers, qu\u2019on peut \u00e9clairer de nuit ;<\/p>\n\n\n\n<p>La passe est en face, au r\u00e9cif, et on peut ancrer un bateau devant la maison entre les coraux. Le bain est confortable sur un fond de sable blanc. Le rivage est prot\u00e9g\u00e9 par un enrochement. Une petite plage de sable blanc \u00e9merge \u00e0 mar\u00e9e basse. L&rsquo;eau est profonde jusqu&rsquo;au genoux quelques pas, puis devient turquoise, puis bleu marine, id\u00e9ale pour marcher, nager et plonger avec un tuba de part et d&rsquo;autre de la rive. On peut y voir des raies l\u00e9opards, des coquillages, des poissons, une tortue, quelques habitants color\u00e9s des coraux&#8230;<\/p>\n\n\n\n<p>Une petite montagne en arri\u00e8re-plan prot\u00e8ge la maison des vents frais du sud en saison s\u00e8che (juillet).<\/p>\n\n\n\n<p><strong>Services inclus<\/strong> : acc\u00e8s internet fibre optique, TV, pelouse tondue 1 fois toutes les 2 semaines, jardin entretenu, les charges (\u00e9lectricit\u00e9, gaz&#8230;).<\/p>\n\n\n\n<p><strong>Frais additionnels<\/strong> :<\/p>\n\n\n\n<p>La maison peut vous indiquer divers services d\u2019appoint : m\u00e9nage, repassage, cuisinier \u00e0 domicile (poisson cru Tahitien au lait de coco, sashimi, repas vegetarien, plats Chinois)<em>, <\/em>livraison de repas tahitien, massage tahitien, organisation de bringue tahitienne, de soir\u00e9e DJ, restaurants, &#8230;<\/p>\n","protected":false},"excerpt":{"rendered":"<p>Mes parents, un p\u00e8re fran\u00e7ais et une m\u00e8re tahitienne, ont construit cette belle maison en bois sur pilotis il y a 40 ans quand seule une route de soupe de corail et une douzaine de voitures parcouraient Mo&rsquo;orea. Elle a \u00e9t\u00e9 r\u00e9nov\u00e9e en 2007, 2008, 2010, 2020. Le toit en tuiles de bois est recouvert [&hellip;]<\/p>\n","protected":false},"author":2,"featured_media":0,"parent":0,"menu_order":0,"comment_status":"open","ping_status":"open","template":"","meta":{"_genesis_hide_title":false,"_genesis_hide_breadcrumbs":false,"_genesis_hide_singular_image":false,"_genesis_hide_footer_widgets":false,"_genesis_custom_body_class":"","_genesis_custom_post_class":"","_genesis_layout":"","footnotes":""},"class_list":{"0":"post-183","1":"page","2":"type-page","3":"status-publish","5":"entry"},"_links":{"self":[{"href":"https:\/\/www.tahitibeachhouse.com\/fr\/wp-json\/wp\/v2\/pages\/183","targetHints":{"allow":["GET"]}}],"collection":[{"href":"https:\/\/www.tahitibeachhouse.com\/fr\/wp-json\/wp\/v2\/pages"}],"about":[{"href":"https:\/\/www.tahitibeachhouse.com\/fr\/wp-json\/wp\/v2\/types\/page"}],"author":[{"embeddable":true,"href":"https:\/\/www.tahitibeachhouse.com\/fr\/wp-json\/wp\/v2\/users\/2"}],"replies":[{"embeddable":true,"href":"https:\/\/www.tahitibeachhouse.com\/fr\/wp-json\/wp\/v2\/comments?post=183"}],"version-history":[{"count":4,"href":"https:\/\/www.tahitibeachhouse.com\/fr\/wp-json\/wp\/v2\/pages\/183\/revisions"}],"predecessor-version":[{"id":1067,"href":"https:\/\/www.tahitibeachhouse.com\/fr\/wp-json\/wp\/v2\/pages\/183\/revisions\/1067"}],"wp:attachment":[{"href":"https:\/\/www.tahitibeachhouse.com\/fr\/wp-json\/wp\/v2\/media?parent=183"}],"curies":[{"name":"wp","href":"https:\/\/api.w.org\/{rel}","templated":true}]}}