{"id":191,"date":"2012-06-08T14:57:51","date_gmt":"2012-06-09T00:57:51","guid":{"rendered":"https:\/\/www.tahitibeachhouse.com\/?page_id=191"},"modified":"2024-05-07T03:21:20","modified_gmt":"2024-05-07T13:21:20","slug":"adresse","status":"publish","type":"page","link":"https:\/\/www.tahitibeachhouse.com\/fr\/adresse\/","title":{"rendered":"Adresse"},"content":{"rendered":"<p>Si vous partez du quai des ferries de Vaiare, c&rsquo;est \u00e0 8 km vers l&rsquo;est, \u00e0 Maharepa, entre l&rsquo;a\u00e9roport et la baie de Cook. Vous d\u00e9passerez un 1<sup>er<\/sup> h\u00f4tel, le Sofitel Ia ora, le point de vue Toatea, le croisement de l&rsquo;a\u00e9roport, il vous faut parcourir encore 4,5km. La maison est 100m apr\u00e8s le \u201cMagasin U (R\u00e9my)\u201d c\u00f4t\u00e9 montagne et juste avant les boutique \u00ab\u00a0Les color\u00e9es\u00a0\u00bb. Depuis le magasin, c&rsquo;est apr\u00e8s le petit pont blanc et le 1er r\u00e9verb\u00e8re, c\u00f4t\u00e9 mer; les murs du garage sont jaune et rouge, la propri\u00e9t\u00e9 est ferm\u00e9e par une palissade en bois c\u00f4t\u00e9 route.<\/p>\n<p>Si vous d\u00e9passez l&rsquo;h\u00f4tel Manava Beach resort &amp; spa, alors vous avez fait 1,5 km de trop.<\/p>\n<p>Tahiti Beach House est juste en face de la petite passe Irihonu (Echouage de tortues), au Nord-est de la baie de Cook, vous pouvez donc y arriver en bateau priv\u00e9 et ancrer devant la maison.<\/p>\n<p><iframe loading=\"lazy\" src=\"http:\/\/maps.google.com\/maps?q=-17.48062,-149.796135&amp;num=1&amp;t=h&amp;sll=-17.538844,-149.829523&amp;sspn=0.085124,0.128059&amp;ie=UTF8&amp;ll=-17.53144,-149.839783&amp;spn=0.15714,0.219727&amp;z=12&amp;output=embed\" width=\"640\" height=\"480\" frameborder=\"0\" marginwidth=\"0\" marginheight=\"0\" scrolling=\"no\"><\/iframe><br \/>\n<small><a style=\"color: #0000ff; text-align: left;\" href=\"http:\/\/maps.google.com\/maps?q=-17.48062,-149.796135&amp;num=1&amp;t=h&amp;sll=-17.538844,-149.829523&amp;sspn=0.085124,0.128059&amp;ie=UTF8&amp;ll=-17.53144,-149.839783&amp;spn=0.15714,0.219727&amp;z=12&amp;source=embed\">Agrandir le plan<\/a><\/small><\/p>\n","protected":false},"excerpt":{"rendered":"<p>Si vous partez du quai des ferries de Vaiare, c&rsquo;est \u00e0 8 km vers l&rsquo;est, \u00e0 Maharepa, entre l&rsquo;a\u00e9roport et la baie de Cook. Vous d\u00e9passerez un 1er h\u00f4tel, le Sofitel Ia ora, le point de vue Toatea, le croisement de l&rsquo;a\u00e9roport, il vous faut parcourir encore 4,5km. La maison est 100m apr\u00e8s le \u201cMagasin [&hellip;]<\/p>\n","protected":false},"author":2,"featured_media":0,"parent":0,"menu_order":0,"comment_status":"open","ping_status":"open","template":"","meta":{"_genesis_hide_title":false,"_genesis_hide_breadcrumbs":false,"_genesis_hide_singular_image":false,"_genesis_hide_footer_widgets":false,"_genesis_custom_body_class":"","_genesis_custom_post_class":"","_genesis_layout":"","footnotes":""},"class_list":{"0":"post-191","1":"page","2":"type-page","3":"status-publish","5":"entry"},"_links":{"self":[{"href":"https:\/\/www.tahitibeachhouse.com\/fr\/wp-json\/wp\/v2\/pages\/191","targetHints":{"allow":["GET"]}}],"collection":[{"href":"https:\/\/www.tahitibeachhouse.com\/fr\/wp-json\/wp\/v2\/pages"}],"about":[{"href":"https:\/\/www.tahitibeachhouse.com\/fr\/wp-json\/wp\/v2\/types\/page"}],"author":[{"embeddable":true,"href":"https:\/\/www.tahitibeachhouse.com\/fr\/wp-json\/wp\/v2\/users\/2"}],"replies":[{"embeddable":true,"href":"https:\/\/www.tahitibeachhouse.com\/fr\/wp-json\/wp\/v2\/comments?post=191"}],"version-history":[{"count":2,"href":"https:\/\/www.tahitibeachhouse.com\/fr\/wp-json\/wp\/v2\/pages\/191\/revisions"}],"predecessor-version":[{"id":917,"href":"https:\/\/www.tahitibeachhouse.com\/fr\/wp-json\/wp\/v2\/pages\/191\/revisions\/917"}],"wp:attachment":[{"href":"https:\/\/www.tahitibeachhouse.com\/fr\/wp-json\/wp\/v2\/media?parent=191"}],"curies":[{"name":"wp","href":"https:\/\/api.w.org\/{rel}","templated":true}]}}