{"id":198,"date":"2012-06-08T15:02:51","date_gmt":"2012-06-09T01:02:51","guid":{"rendered":"https:\/\/www.tahitibeachhouse.com\/?page_id=198"},"modified":"2024-05-07T03:41:07","modified_gmt":"2024-05-07T13:41:07","slug":"moorea","status":"publish","type":"page","link":"https:\/\/www.tahitibeachhouse.com\/fr\/moorea\/","title":{"rendered":"Moorea"},"content":{"rendered":"<p><strong>Mo&rsquo;orea,<\/strong> \u00eele-soeur de Tahiti<\/p>\n<p>La douceur et la constance des aliz\u00e9s emp\u00eachent les trop grosses chaleurs et assurent le meilleur ensoleillement de l&rsquo;\u00eele. Cela explique aussi en partie pourquoi il y a moins de moustiques chez nous qu&rsquo;\u00e0 l&rsquo;int\u00e9rieur des vall\u00e9es. L&rsquo;air pur et salin, la limpidit\u00e9 du lagon, le calme, la beaut\u00e9 du jardin et le cachet de la maison vous s\u00e9duiront.<\/p>\n<p>Son emplacement est tr\u00e8s pratique, \u00e0 4,5 km de l&rsquo;a\u00e9roport, \u00e0 17 km du quai. Le trajet vers Pape&rsquo;ete dure 7 mn en avion, 30 mn en ferry rapide, 45 mn en ferry. Elle est aussi \u00e0 3km du golf, \u00e0 2 km du centre commercial de Maharepa (m\u00e9decins, pharmacie, banque,&#8230; ). Il y a 35 snacks et restaurants, des galeries et boutiques, dans un rayon de 5km. Il y a une \u00e9picerie et des restaurants tout pr\u00e8s.<\/p>\n<p>Moorea r\u00e9pond probablement mieux aux attentes des touristes que Borabora qui \u00e9tait une ancienne base am\u00e9ricaine pendant la 1<sup>e<\/sup> guerre. Dans l&rsquo;histoire polyn\u00e9sienne, comme les guerres claniques \u00e9taient fr\u00e9quentes, Mo&rsquo;orea acueillait les troupes vaincues fuyant Tahiti. Le capitaine Cook vint \u00e0 la fin du 18<sup>e<\/sup> si\u00e8cle. De nos jours, environ 2000 personnes vivent \u00e0 Mo&rsquo;orea et travaillent \u00e0 Tahiti. La plupart des peintres et sculpteurs vivent sur l&rsquo;\u00eele pour sa beaut\u00e9 naturelle et la gentillesse de sa population. Quelques locaux parlent anglais, la plupart parle le tahitien qui appartient aux langues polyn\u00e9siennes parl\u00e9es dans le triangle polyn\u00e9sien Hawai&rsquo;i-l&rsquo;Ile de P\u00e2ques (Rapa nui) et la Nouvelle-Z\u00e9lande (Te-ao-tea-roa). La langue officielle est le fran\u00e7ais.<\/p>\n","protected":false},"excerpt":{"rendered":"<p>Mo&rsquo;orea, \u00eele-soeur de Tahiti La douceur et la constance des aliz\u00e9s emp\u00eachent les trop grosses chaleurs et assurent le meilleur ensoleillement de l&rsquo;\u00eele. Cela explique aussi en partie pourquoi il y a moins de moustiques chez nous qu&rsquo;\u00e0 l&rsquo;int\u00e9rieur des vall\u00e9es. L&rsquo;air pur et salin, la limpidit\u00e9 du lagon, le calme, la beaut\u00e9 du jardin [&hellip;]<\/p>\n","protected":false},"author":2,"featured_media":0,"parent":0,"menu_order":0,"comment_status":"open","ping_status":"open","template":"","meta":{"_genesis_hide_title":false,"_genesis_hide_breadcrumbs":false,"_genesis_hide_singular_image":false,"_genesis_hide_footer_widgets":false,"_genesis_custom_body_class":"","_genesis_custom_post_class":"","_genesis_layout":"","footnotes":""},"class_list":{"0":"post-198","1":"page","2":"type-page","3":"status-publish","5":"entry"},"_links":{"self":[{"href":"https:\/\/www.tahitibeachhouse.com\/fr\/wp-json\/wp\/v2\/pages\/198","targetHints":{"allow":["GET"]}}],"collection":[{"href":"https:\/\/www.tahitibeachhouse.com\/fr\/wp-json\/wp\/v2\/pages"}],"about":[{"href":"https:\/\/www.tahitibeachhouse.com\/fr\/wp-json\/wp\/v2\/types\/page"}],"author":[{"embeddable":true,"href":"https:\/\/www.tahitibeachhouse.com\/fr\/wp-json\/wp\/v2\/users\/2"}],"replies":[{"embeddable":true,"href":"https:\/\/www.tahitibeachhouse.com\/fr\/wp-json\/wp\/v2\/comments?post=198"}],"version-history":[{"count":1,"href":"https:\/\/www.tahitibeachhouse.com\/fr\/wp-json\/wp\/v2\/pages\/198\/revisions"}],"predecessor-version":[{"id":932,"href":"https:\/\/www.tahitibeachhouse.com\/fr\/wp-json\/wp\/v2\/pages\/198\/revisions\/932"}],"wp:attachment":[{"href":"https:\/\/www.tahitibeachhouse.com\/fr\/wp-json\/wp\/v2\/media?parent=198"}],"curies":[{"name":"wp","href":"https:\/\/api.w.org\/{rel}","templated":true}]}}