{"id":201,"date":"2012-06-08T15:06:21","date_gmt":"2012-06-09T01:06:21","guid":{"rendered":"https:\/\/www.tahitibeachhouse.com\/?page_id=201"},"modified":"2024-05-09T07:31:52","modified_gmt":"2024-05-09T17:31:52","slug":"activites","status":"publish","type":"page","link":"https:\/\/www.tahitibeachhouse.com\/fr\/activites\/","title":{"rendered":"Activit\u00e9s"},"content":{"rendered":"<p><strong>Activit\u00e9s touristiques sur l&rsquo;\u00eele :<\/strong><\/p>\n<p><strong>sports <\/strong>: randonn\u00e9es p\u00e9destres, \u00e9quitation, golf, tennis, surf, p\u00eache en haute-mer, wake-board, plong\u00e9e, kite-surf (cours et location), parachute ascensionnel;<\/p>\n<p><strong>autres loisirs<\/strong> : visites guid\u00e9es de Moorea \u00e0 terre, sur mer (baleines, dauphins, raies, requins, tortues) location de voiture avec chauffeur, balade sur le lagon en bateau \u00e0 fond de verre, cours de danse tahitienne, pique-nique sur un \u00eelot, location de jet-ski, de hors-bord, se faire filmer sous la mer, survol de l&rsquo;\u00eele en h\u00e9licopt\u00e8re, visites guid\u00e9es de Tahiti, voyage dans les \u00eeles par avion\/bateau\/bateau priv\u00e9\/paquebot de croisi\u00e8re.<\/p>\n<p><strong>Loisirs nocturnes<\/strong> : sortie en night-club (vendredi soir seulement), sortie \u00e0 un spectacle de danse tahitienne, restaurant avec animation musicale.<\/p>\n<p>Le golf de Tema&rsquo;e, South Pacific golf, dessin\u00e9 par Nicklaus est un dix-huit trous, class\u00e9 \u00a0\u00bb parmi 70 \u00ab\u00a0, admis sur le circuit officiel. Depuis les cinq trous du c\u00f4t\u00e9 montagne, on peut apercevoir la silhouette de Tahiti au nord-est et dominer le parcours, dont onze trous autour du lac de Tema&rsquo;e, et deux sur le motu de Tema&rsquo;e, c\u00f4t\u00e9 mer.<\/p>\n<p>Le club-house, avec bar et restaurant, couvert d&rsquo;un long toit en tuiles de bois, (dessin\u00e9 par un architecte polyn\u00e9sien), est install\u00e9 entre le lac et l&rsquo;un des lacs artificiels qui sert de practice sur l&rsquo;eau. Depuis que des collines verdoyantes de pelouse bord\u00e9es de fleurs ont remplac\u00e9 la for\u00eat de bourao et les vasi\u00e8res, les riverains jouissent de la disparition des nono (insectes qui piq\u00fbent). La source de montagne prodigue suffisamment pour la pelouse et en partie pour les habitants (ainsi, l&rsquo;eau du robinet est tr\u00e8s bonne \u00e0 boire \u00e0 Maharepa).<\/p>\n<p><strong>D\u00e9tente :<\/strong><br \/>\nVotre rythme de vie, surtout s&rsquo;il est habituellement tr\u00e9pidant ou stressant, sera apais\u00e9 par celui de l&rsquo;\u00eele et des gens. Vous pouvez alors vous laisser aller \u00e0 l&rsquo;indolence des \u00eeles, vous baigner \u00e0 la mer, emprunter un roman de la biblioth\u00e8que du salon, vous d\u00e9tendre, ne rien faire! Le matin, vous pouvez aller \u00e0 pied au (magasin) \u00ab\u00a0chinois\u00a0\u00bb, incognito si vous \u00eates connu, et croiser les Tahitiens du village qui y vont aussi \u00e0 pied, en v\u00e9lo ou en voiture.<\/p>\n","protected":false},"excerpt":{"rendered":"<p>Activit\u00e9s touristiques sur l&rsquo;\u00eele : sports : randonn\u00e9es p\u00e9destres, \u00e9quitation, golf, tennis, surf, p\u00eache en haute-mer, wake-board, plong\u00e9e, kite-surf (cours et location), parachute ascensionnel; autres loisirs : visites guid\u00e9es de Moorea \u00e0 terre, sur mer (baleines, dauphins, raies, requins, tortues) location de voiture avec chauffeur, balade sur le lagon en bateau \u00e0 fond de verre, [&hellip;]<\/p>\n","protected":false},"author":2,"featured_media":0,"parent":0,"menu_order":0,"comment_status":"open","ping_status":"closed","template":"","meta":{"_genesis_hide_title":false,"_genesis_hide_breadcrumbs":false,"_genesis_hide_singular_image":false,"_genesis_hide_footer_widgets":false,"_genesis_custom_body_class":"","_genesis_custom_post_class":"","_genesis_layout":"","footnotes":""},"class_list":{"0":"post-201","1":"page","2":"type-page","3":"status-publish","5":"entry"},"_links":{"self":[{"href":"https:\/\/www.tahitibeachhouse.com\/fr\/wp-json\/wp\/v2\/pages\/201","targetHints":{"allow":["GET"]}}],"collection":[{"href":"https:\/\/www.tahitibeachhouse.com\/fr\/wp-json\/wp\/v2\/pages"}],"about":[{"href":"https:\/\/www.tahitibeachhouse.com\/fr\/wp-json\/wp\/v2\/types\/page"}],"author":[{"embeddable":true,"href":"https:\/\/www.tahitibeachhouse.com\/fr\/wp-json\/wp\/v2\/users\/2"}],"replies":[{"embeddable":true,"href":"https:\/\/www.tahitibeachhouse.com\/fr\/wp-json\/wp\/v2\/comments?post=201"}],"version-history":[{"count":2,"href":"https:\/\/www.tahitibeachhouse.com\/fr\/wp-json\/wp\/v2\/pages\/201\/revisions"}],"predecessor-version":[{"id":984,"href":"https:\/\/www.tahitibeachhouse.com\/fr\/wp-json\/wp\/v2\/pages\/201\/revisions\/984"}],"wp:attachment":[{"href":"https:\/\/www.tahitibeachhouse.com\/fr\/wp-json\/wp\/v2\/media?parent=201"}],"curies":[{"name":"wp","href":"https:\/\/api.w.org\/{rel}","templated":true}]}}