{"id":227,"date":"2012-06-08T15:32:14","date_gmt":"2012-06-09T01:32:14","guid":{"rendered":"https:\/\/www.tahitibeachhouse.com\/?page_id=227"},"modified":"2024-05-09T10:25:23","modified_gmt":"2024-05-09T20:25:23","slug":"info-utile","status":"publish","type":"page","link":"https:\/\/www.tahitibeachhouse.com\/fr\/info-utile\/","title":{"rendered":"Info Utile"},"content":{"rendered":"<p><strong>Apportez&#8230;<\/strong><br \/>Tenues tropicales d\u00e9contract\u00e9es, habill\u00e9es, un gilet (saison fra\u00eeche), tennis (pour les randonn\u00e9es), permis de conduire, permis de bateau c\u00f4tier, cartes de cr\u00e9dit, casquette\/chapeau, lunettes de soleil; t\u00e9l\u00e9phone portable (Syst\u00e8me Europe-Asie), ordinateur portable, appareil photo (avec votre facture d&rsquo;achat pour le contr\u00f4le douanier si il est neuf) &#8230;<\/p>\n<p><strong>Au moment du d\u00e9part&#8230;<\/strong><br \/>Il serait mieux que vous ayez une facture des perles que vous avez achet\u00e9es et d\u00e9clarez les \u00e0 l&rsquo;exportation si c&rsquo;est pour en faire le commerce. Il existe un service local d&rsquo;agriculture qui v\u00e9rifie et vous dit quels fruits, fleurs, plantes ou nourriture vous pouvez rapporter chez vous et sous quelles conditions, sachant que les pays voisins du Pacifique appliquent un contr\u00f4le s\u00e9v\u00e8re avec de lourdes amendes.<\/p>\n\n\n<p><\/p>\n","protected":false},"excerpt":{"rendered":"<p>Apportez&#8230;Tenues tropicales d\u00e9contract\u00e9es, habill\u00e9es, un gilet (saison fra\u00eeche), tennis (pour les randonn\u00e9es), permis de conduire, permis de bateau c\u00f4tier, cartes de cr\u00e9dit, casquette\/chapeau, lunettes de soleil; t\u00e9l\u00e9phone portable (Syst\u00e8me Europe-Asie), ordinateur portable, appareil photo (avec votre facture d&rsquo;achat pour le contr\u00f4le douanier si il est neuf) &#8230; Au moment du d\u00e9part&#8230;Il serait mieux que vous [&hellip;]<\/p>\n","protected":false},"author":2,"featured_media":0,"parent":0,"menu_order":0,"comment_status":"open","ping_status":"open","template":"","meta":{"_genesis_hide_title":false,"_genesis_hide_breadcrumbs":false,"_genesis_hide_singular_image":false,"_genesis_hide_footer_widgets":false,"_genesis_custom_body_class":"","_genesis_custom_post_class":"","_genesis_layout":"","footnotes":""},"class_list":{"0":"post-227","1":"page","2":"type-page","3":"status-publish","5":"entry"},"_links":{"self":[{"href":"https:\/\/www.tahitibeachhouse.com\/fr\/wp-json\/wp\/v2\/pages\/227","targetHints":{"allow":["GET"]}}],"collection":[{"href":"https:\/\/www.tahitibeachhouse.com\/fr\/wp-json\/wp\/v2\/pages"}],"about":[{"href":"https:\/\/www.tahitibeachhouse.com\/fr\/wp-json\/wp\/v2\/types\/page"}],"author":[{"embeddable":true,"href":"https:\/\/www.tahitibeachhouse.com\/fr\/wp-json\/wp\/v2\/users\/2"}],"replies":[{"embeddable":true,"href":"https:\/\/www.tahitibeachhouse.com\/fr\/wp-json\/wp\/v2\/comments?post=227"}],"version-history":[{"count":1,"href":"https:\/\/www.tahitibeachhouse.com\/fr\/wp-json\/wp\/v2\/pages\/227\/revisions"}],"predecessor-version":[{"id":979,"href":"https:\/\/www.tahitibeachhouse.com\/fr\/wp-json\/wp\/v2\/pages\/227\/revisions\/979"}],"wp:attachment":[{"href":"https:\/\/www.tahitibeachhouse.com\/fr\/wp-json\/wp\/v2\/media?parent=227"}],"curies":[{"name":"wp","href":"https:\/\/api.w.org\/{rel}","templated":true}]}}