{"id":231,"date":"2012-06-08T15:34:57","date_gmt":"2012-06-09T01:34:57","guid":{"rendered":"https:\/\/www.tahitibeachhouse.com\/?page_id=231"},"modified":"2024-05-14T09:35:40","modified_gmt":"2024-05-14T19:35:40","slug":"tarifs-et-reservations","status":"publish","type":"page","link":"https:\/\/www.tahitibeachhouse.com\/fr\/tarifs-et-reservations\/","title":{"rendered":"Tarifs et R\u00e9servations"},"content":{"rendered":"<p><strong>Tarifs<\/strong><\/p>\n<p>2024\u00a0 \u00a0 \u00a0 \u00a0 \u00a0 \u00a0 \u00a0 \u00a0 \u00a0 \u00a0 \u00a0 \u00a0 \u00a0 \u00a0 \u00a0 \u00a0 \u00a01\u20ac = 119,33 fcp<\/p>\n<table style=\"height: 314px;\" width=\"823\">\n<tbody>\n<tr>\n<td width=\"31\">nuits<\/td>\n<td width=\"37\">R\u00e9duc<\/td>\n<td width=\"59\">\/nuit<\/td>\n<td width=\"84\">Prix CFP<\/td>\n<td width=\"52\">\/nuit<\/td>\n<td width=\"51\">Prix \u20ac<\/td>\n<td width=\"8\"><\/td>\n<td width=\"59\">Haute saison \/nuit<\/td>\n<td width=\"75\">Prix CFP<\/td>\n<td width=\"41\">\/nuit<\/td>\n<td width=\"52\">Prix \u20ac<\/td>\n<\/tr>\n<tr>\n<td>1<\/td>\n<td><\/td>\n<td>52 700<\/td>\n<td>52 700<\/td>\n<td>442<\/td>\n<td>442<\/td>\n<td><\/td>\n<td>58 000<\/td>\n<td>58 000<\/td>\n<td>486<\/td>\n<td>486<\/td>\n<\/tr>\n<tr>\n<td>7<\/td>\n<td>10%<\/td>\n<td>47 400<\/td>\n<td>331 800<\/td>\n<td>398<\/td>\n<td>2 786<\/td>\n<td><\/td>\n<td>52 200<\/td>\n<td>365 400<\/td>\n<td>437<\/td>\n<td>3 059<\/td>\n<\/tr>\n<tr>\n<td>14<\/td>\n<td>15%<\/td>\n<td>44 800<\/td>\n<td>627 200<\/td>\n<td>375<\/td>\n<td>5 250<\/td>\n<td><\/td>\n<td>49 300<\/td>\n<td>690 200<\/td>\n<td>413<\/td>\n<td>5 782<\/td>\n<\/tr>\n<tr>\n<td>21<\/td>\n<td>20%<\/td>\n<td>42 200<\/td>\n<td>886 200<\/td>\n<td>354<\/td>\n<td>7 434<\/td>\n<td><\/td>\n<td>46 400<\/td>\n<td>974 400<\/td>\n<td>389<\/td>\n<td>8 169<\/td>\n<\/tr>\n<tr>\n<td>28 et +<\/td>\n<td>15%<\/td>\n<td>44 800<\/td>\n<td>1 254 400<\/td>\n<td>375<\/td>\n<td>10 500<\/td>\n<td><\/td>\n<td>49 300<\/td>\n<td>1 380 400<\/td>\n<td>413<\/td>\n<td>11 564<\/td>\n<\/tr>\n<\/tbody>\n<\/table>\n<p>voir le calendrier de disponibilit\u00e9 sur<\/p>\n<p><a href=\"https:\/\/www.airbnb.fr\/rooms\/8762671\" target=\"_blank\" rel=\"noopener\"><strong>https:\/\/www.airbnb.fr\/rooms\/8762671<\/strong><\/a><\/p>\n<p><a href=\"https:\/\/www.shared-house.com\/Louer\/Maharepa,fr,70152.htm\" target=\"_blank\" rel=\"noopener\"><strong>https:\/\/www.shared-house.com\/Louer\/Maharepa,fr,70152.htm<\/strong><\/a><\/p>\n<p>Dur\u00e9e minimum de 2 nuits<br \/>\nDe midi \u00e0 10h<br \/>\nMax: 12 personnes.<br \/>\nHaute saison: juillet, ao\u00fbt, 15 d\u00e9cembre &#8211; 15 janvier: +10%<\/p>\n<p>Les prix sont fix\u00e9s en francs pacifique et euros. Toute autre monnaie doit \u00eatre \u00e9valu\u00e9e au change du jour de r\u00e9servation et paiement du solde.<\/p>\n<p>Les nuits doivent \u00eatre cons\u00e9cutives pour que la r\u00e9duction op\u00e8re<\/p>\n<p>Pour vous donner un point de comparaison des prix locaux, un bungalow en bord de mer dans un h\u00f4tel \u00e0 Mo&rsquo;orea co\u00fbte de 20 \u00e0 100 000 fcp\/ nuit. Les h\u00f4tes sont toujours enchant\u00e9s de leur s\u00e9jour \u00e0 Tahiti Beach House. Le produit est unique \u00e0 Mo&rsquo;orea car chez nous le confort d&rsquo;un h\u00f4tel se conjugue avec le charme d&rsquo;une maison et propri\u00e9t\u00e9 priv\u00e9e, avec des voisins polyn\u00e9siens.<\/p>\n","protected":false},"excerpt":{"rendered":"<p>Tarifs 2024\u00a0 \u00a0 \u00a0 \u00a0 \u00a0 \u00a0 \u00a0 \u00a0 \u00a0 \u00a0 \u00a0 \u00a0 \u00a0 \u00a0 \u00a0 \u00a0 \u00a01\u20ac = 119,33 fcp nuits R\u00e9duc \/nuit Prix CFP \/nuit Prix \u20ac Haute saison \/nuit Prix CFP \/nuit Prix \u20ac 1 52 700 52 700 442 442 58 000 58 000 486 486 7 10% 47 400 331 [&hellip;]<\/p>\n","protected":false},"author":2,"featured_media":0,"parent":0,"menu_order":0,"comment_status":"open","ping_status":"open","template":"","meta":{"_genesis_hide_title":false,"_genesis_hide_breadcrumbs":false,"_genesis_hide_singular_image":false,"_genesis_hide_footer_widgets":false,"_genesis_custom_body_class":"","_genesis_custom_post_class":"","_genesis_layout":"","footnotes":""},"class_list":{"0":"post-231","1":"page","2":"type-page","3":"status-publish","5":"entry"},"_links":{"self":[{"href":"https:\/\/www.tahitibeachhouse.com\/fr\/wp-json\/wp\/v2\/pages\/231","targetHints":{"allow":["GET"]}}],"collection":[{"href":"https:\/\/www.tahitibeachhouse.com\/fr\/wp-json\/wp\/v2\/pages"}],"about":[{"href":"https:\/\/www.tahitibeachhouse.com\/fr\/wp-json\/wp\/v2\/types\/page"}],"author":[{"embeddable":true,"href":"https:\/\/www.tahitibeachhouse.com\/fr\/wp-json\/wp\/v2\/users\/2"}],"replies":[{"embeddable":true,"href":"https:\/\/www.tahitibeachhouse.com\/fr\/wp-json\/wp\/v2\/comments?post=231"}],"version-history":[{"count":5,"href":"https:\/\/www.tahitibeachhouse.com\/fr\/wp-json\/wp\/v2\/pages\/231\/revisions"}],"predecessor-version":[{"id":1074,"href":"https:\/\/www.tahitibeachhouse.com\/fr\/wp-json\/wp\/v2\/pages\/231\/revisions\/1074"}],"wp:attachment":[{"href":"https:\/\/www.tahitibeachhouse.com\/fr\/wp-json\/wp\/v2\/media?parent=231"}],"curies":[{"name":"wp","href":"https:\/\/api.w.org\/{rel}","templated":true}]}}