{"id":1028,"date":"2024-05-09T10:06:07","date_gmt":"2024-05-09T20:06:07","guid":{"rendered":"https:\/\/www.tahitibeachhouse.com\/?page_id=1028"},"modified":"2024-05-09T10:06:09","modified_gmt":"2024-05-09T20:06:09","slug":"tbh-regras-e-regulamentos","status":"publish","type":"page","link":"https:\/\/www.tahitibeachhouse.com\/pt-pt\/tbh-regras-e-regulamentos\/","title":{"rendered":"TBH Regras e regulamentos"},"content":{"rendered":"\n<p>Entre o cliente e a Tahiti beach house, representada pelo propriet\u00e1rio.<\/p>\n\n\n\n<p>O aluguel da Tahiti beach house (TBH) foi concebido para que voc\u00ea se sinta em casa, o que \u00e9 feito sob certas condi\u00e7\u00f5es; a primeira \u00e9 que voc\u00ea aceite as regras internas da TBH, bem como a lei francesa que rege o aluguel por temporada, assinando-a e as condi\u00e7\u00f5es de seguro; Tudo o que \u00e9 colocado \u00e0 sua disposi\u00e7\u00e3o na propriedade demonstra a confian\u00e7a que depositamos em voc\u00ea e todos os nossos esfor\u00e7os para lhe proporcionar conforto e satisfa\u00e7\u00e3o; por favor, aprecie essa escolha e, em troca, respeite as regras da casa, a propriet\u00e1ria e a equipe de limpeza que a representa.<\/p>\n\n\n\n<p>Boas-vindas (check in, check out), arruma\u00e7\u00e3o da casa, entrega do dep\u00f3sito a um gerente da TBH.<\/p>\n\n\n\n<p><strong>Dep\u00f3sito<\/strong><\/p>\n\n\n\n<p>O dep\u00f3sito de 150.000 fcp \u00e9 devolvido dentro de 7 dias se as condi\u00e7\u00f5es forem atendidas.<\/p>\n\n\n\n<p>Ao fazer o check-out, informe ao gerente da TBH se algum item foi retirado sob sua responsabilidade e n\u00e3o foi devolvido, perdido, fora de ordem, manchado, rasgado, quebrado ou arranhado; seu reparo ou substitui\u00e7\u00e3o ser\u00e1 deduzido do dep\u00f3sito; se voc\u00ea substituir o item, dever\u00e1 colocar a nota fiscal em nome do propriet\u00e1rio ou da Tahiti Beach House, e o item dever\u00e1 ser do mesmo valor e n\u00e3o de qualidade ou custo inferior; em caso de disputa, prevalecer\u00e1 a decis\u00e3o do gerente da TBH. Se n\u00e3o for poss\u00edvel recomprar o item na Polin\u00e9sia, o custo ser\u00e1 estimado.<\/p>\n\n\n\n<p><strong>Por favor<\/strong><\/p>\n\n\n\n<p>n\u00e3o traga seus sapatos para dentro de casa (costume local);<\/p>\n\n\n\n<p>n\u00e3o fumar na casa;<\/p>\n\n\n\n<p>n\u00e3o mover os extintores de inc\u00eandio;<\/p>\n\n\n\n<p>n\u00e3o role a bagagem ou puxe os m\u00f3veis pelo ch\u00e3o (arranh\u00f5es);<\/p>\n\n\n\n<p>n\u00e3o mover os m\u00f3veis;<\/p>\n\n\n\n<p>n\u00e3o deixar seus equipamentos dom\u00e9sticos e\/ou pertences do lado de fora (garagem, terra\u00e7o, praia, jardim) \u00e0 noite.<\/p>\n\n\n\n<p>n\u00e3o invadir a propriedade do vizinho, que \u00e9 delimitada por plantas; n\u00e3o usar sua rede \u00e0 beira-mar.<\/p>\n\n\n\n<p>n\u00e3o deixar sua piroga, caiaque ou remo no mar e traz\u00ea-los de volta \u00e0 praia;<\/p>\n\n\n\n<p>n\u00e3o fazer barulho antes das 7h ou depois das 21h;<\/p>\n\n\n\n<p>n\u00e3o colocar cadeiras de alum\u00ednio no jardim ou no mar;<\/p>\n\n\n\n<p>n\u00e3o pintar ou danificar os seixos, pedras ou outras obras da propriedade;<\/p>\n\n\n\n<p>n\u00e3o remova nenhum objeto ou pertence da propriedade;<\/p>\n\n\n\n<p>n\u00e3o montar barracas ou tendas na propriedade;<\/p>\n\n\n\n<p>n\u00e3o pendurar roupas em qualquer lugar que n\u00e3o seja nos varais do mezanino, na garagem ou nas secadoras port\u00e1teis.<\/p>\n\n\n\n<p>n\u00e3o modifique a estrutura do jardim, da casa ou dos anexos (sem pregos, parafusos, cola ou outros materiais).<\/p>\n\n\n\n<p>n\u00e3o use o arm\u00e1rio de roupas de cama ou o dep\u00f3sito.<\/p>\n\n\n\n<p>n\u00e3o se sente sobre os mosquiteiros das camas, pois eles podem se rasgar;<\/p>\n\n\n\n<p>n\u00e3o deixe roupas de cama sujas e \u00famidas amontoadas, pois elas podem mofar; seque-as antes de amonto\u00e1-las ou lav\u00e1-las.<\/p>\n\n\n\n<p>n\u00e3o deixe equipamentos sens\u00edveis \u00e0 \u00e1gua (dardos, bolas de petanca, jogos) na chuva.<\/p>\n\n\n\n<p>n\u00e3o deixe seus ve\u00edculos destrancados com a chave dentro deles.<\/p>\n\n\n\n<p><strong>Por favor<\/strong><\/p>\n\n\n\n<p>coloque os alimentos na despensa ou na geladeira para evitar atrair insetos ou roedores.<\/p>\n\n\n\n<p>tranque a canoa e o caiaque \u00e0 noite; remova o plugue da canoa para que a chuva n\u00e3o a encha e deixe-a na canoa;<\/p>\n\n\n\n<p>desligue as luzes da casa, da varanda, da garagem e do jardim, bem como o ar-condicionado e os ventiladores, quando sair ou quando n\u00e3o os estiver usando;<\/p>\n\n\n\n<p>feche as janelas de sacada da sala de estar (n\u00e3o necessariamente com uma chave) \u00e0 noite para impedir a entrada dos gatos dos vizinhos, da chuva e do vento;<\/p>\n\n\n\n<p>feche a janela do andar de cima que d\u00e1 para o mar se estiver chovendo e ventando (caso contr\u00e1rio, a \u00e1gua poder\u00e1 entrar no quarto principal);<\/p>\n\n\n\n<p>trancar a propriedade (port\u00e3o e porta de entrada) duas vezes \u00e0 noite;<\/p>\n\n\n\n<p>devolver os livros emprestados \u00e0 biblioteca. Doa\u00e7\u00f5es de livros s\u00e3o bem-vindas.<\/p>\n\n\n\n<p>Tranque sua bicicleta se for sair e parar em algum lugar.<\/p>\n\n\n\n<p><strong>A Tahiti Beach House recomenda que voc\u00ea<\/strong><\/p>\n\n\n\n<p>Deixa as lixeiras em seus lugares no quintal; separar as lixeiras e lev\u00e1-las para a beira da estrada no dia anterior aos dias anotados nas pr\u00f3prias lixeiras:<\/p>\n\n\n\n<p>Cinza, perto do port\u00e3o: papel sujo, bandejas de pl\u00e1stico sujas, tudo;<\/p>\n\n\n\n<p>Verde, perto do port\u00e3o: papel limpo, papel\u00e3o, garrafas pl\u00e1sticas limpas;<\/p>\n\n\n\n<p>Compostagem sob a mangueira: somente folhas da \u00e1rvore, sem galhos ou grama.<\/p>\n\n\n\n<p>Restos comest\u00edveis (carne, peixe), cascas de frutas e vegetais: para caranguejos ou peixes, no mar;<\/p>\n\n\n\n<p>Recipientes para baterias: lojas da U 200m de dist\u00e2ncia, postos de gasolina;<\/p>\n\n\n\n<p>Recipiente de vidro: o \u00fanico na ilha, pr\u00f3ximo ao supermercado To&#8217;a Moorea, 1 km ao sul do cais.<\/p>\n\n\n\n<p><strong>Para sua seguran\u00e7a, fique atento a<\/strong><\/p>\n\n\n\n<p>buracos de caranguejo no gramado \u00e0 beira-mar;<\/p>\n\n\n\n<p>corais e peixes-pedra no mar;<\/p>\n\n\n\n<p>quaisquer correntes ou ventos antes de pegar a piroga ou o caiaque<\/p>\n","protected":false},"excerpt":{"rendered":"<p>Entre o cliente e a Tahiti beach house, representada pelo propriet\u00e1rio. O aluguel da Tahiti beach house (TBH) foi concebido para que voc\u00ea se sinta em casa, o que \u00e9 feito sob certas condi\u00e7\u00f5es; a primeira \u00e9 que voc\u00ea aceite as regras internas da TBH, bem como a lei francesa que rege o aluguel por [&hellip;]<\/p>\n","protected":false},"author":3,"featured_media":0,"parent":0,"menu_order":0,"comment_status":"closed","ping_status":"closed","template":"","meta":{"_genesis_hide_title":false,"_genesis_hide_breadcrumbs":false,"_genesis_hide_singular_image":false,"_genesis_hide_footer_widgets":false,"_genesis_custom_body_class":"","_genesis_custom_post_class":"","_genesis_layout":"","footnotes":""},"class_list":{"0":"post-1028","1":"page","2":"type-page","3":"status-publish","5":"entry"},"_links":{"self":[{"href":"https:\/\/www.tahitibeachhouse.com\/pt-pt\/wp-json\/wp\/v2\/pages\/1028","targetHints":{"allow":["GET"]}}],"collection":[{"href":"https:\/\/www.tahitibeachhouse.com\/pt-pt\/wp-json\/wp\/v2\/pages"}],"about":[{"href":"https:\/\/www.tahitibeachhouse.com\/pt-pt\/wp-json\/wp\/v2\/types\/page"}],"author":[{"embeddable":true,"href":"https:\/\/www.tahitibeachhouse.com\/pt-pt\/wp-json\/wp\/v2\/users\/3"}],"replies":[{"embeddable":true,"href":"https:\/\/www.tahitibeachhouse.com\/pt-pt\/wp-json\/wp\/v2\/comments?post=1028"}],"version-history":[{"count":1,"href":"https:\/\/www.tahitibeachhouse.com\/pt-pt\/wp-json\/wp\/v2\/pages\/1028\/revisions"}],"predecessor-version":[{"id":1030,"href":"https:\/\/www.tahitibeachhouse.com\/pt-pt\/wp-json\/wp\/v2\/pages\/1028\/revisions\/1030"}],"wp:attachment":[{"href":"https:\/\/www.tahitibeachhouse.com\/pt-pt\/wp-json\/wp\/v2\/media?parent=1028"}],"curies":[{"name":"wp","href":"https:\/\/api.w.org\/{rel}","templated":true}]}}