{"id":392,"date":"2013-04-08T15:12:51","date_gmt":"2013-04-09T01:12:51","guid":{"rendered":"https:\/\/www.tahitibeachhouse.com\/?page_id=392"},"modified":"2024-05-09T10:20:54","modified_gmt":"2024-05-09T20:20:54","slug":"atividades","status":"publish","type":"page","link":"https:\/\/www.tahitibeachhouse.com\/pt-pt\/atividades\/","title":{"rendered":"Atividades"},"content":{"rendered":"<p><strong>Atividades tur\u00edsticas na ilha:<\/strong><br \/>\nAtividades esportivas: caminhadas, equita\u00e7\u00e3o, golfe, t\u00eanis, bilhares, muscula\u00e7\u00e3o, hobie-cat, surf, pesca em mar alto, wake-board, mergulho, kite-surf (aulas e aluguel), p\u00e1ra-quedas ascencional.<\/p>\n<p><strong>Outras lazeres:<\/strong> excurs\u00f5es com guia no interior da ilha, no mar (baleias, golfinhos, arraias, tubar\u00f5es, tartarugas) aluguel de carro com chofer, passeio na laguna em barco com fundo de vidro, aulas de dan\u00e7a taitiana, piquenique numa ilhota, aluguel de jet-ski, de lancha, ser filmado debaixo d&#8217;\u00e1gua, sobrev\u00f4o da ilha em helic\u00f3ptero, excurs\u00f5es com guia no Tahiti, viagem pelas ilhas de avi\u00e3o, de barco \/ barco privado \/ barco de cruzeiro.<\/p>\n<p><strong>Lazeres noturnos:<\/strong> tirado (trazido) em boate (o sexta-feira pela noite s\u00f3), tirada (trazido) para um espet\u00e1culo de dan\u00e7a de Tahitian, enquanto restabelecendo com anima\u00e7\u00e3o musical.<\/p>\n<p><strong>O golfe de Temae,<\/strong> golfe do Pac\u00edfico Sul, desenhado por Nicklaus \u00e9 um dezoito buracos, classificado &#8221; entre 70 &#8221; no circuito oficial. A partir dos cinco buracos do &#8221;lado-montanha&#8221;, pode-se ver a silhueta de Tahiti no nordeste, o percurso de onze buracos ao redor do lago de Tema&#8217;e e dois no motu (ilhota) de Tema&#8217;e, &#8221;lado mar&#8221;. A sede, com bar e restaurante, com um longo teto coberto com palmas de pandanus (palmeira local), desenhado por um arquiteto polin\u00e9sio, \u00e9 instalado entre o lago natural e um dos lagos artificiais que servem para pr\u00e1ticas aqu\u00e1ticas.Desde que colinas verdejantes com gramado floridos substitu\u00edram a floresta de p\u00fcrau (\u00e1rvore nativa) e os brejos, os residentes locais desfrutam o desaparecimento dos nono (piuns). A mina da montanha \u00e9 pr\u00f3diga em \u00e1gua para o gramado e para os habitantes (assim, a \u00e1gua de torneira \u00e9 muito boa em Maharepa).<\/p>\n<p><strong>Relaxamento:<\/strong><br \/>\nSe estiver estressado, seu ritmo de vida ser\u00e1 acalmado pelo ritmo da ilha e das pessoas. Pode-se ent\u00e3o se deixar levar pela indol\u00eancia insular, tomar banho de mar, ler um romance da estante na sala de estar, relaxar, n\u00e3o fazer nada! Pela manh\u00e3, voc\u00ea pode ir a p\u00e9 at\u00e9 o &#8220;chin\u00eas&#8221; (mercearia), inc\u00f3gnito (se voc\u00ea \u00e9 conhecido), e cruzar os taitianos do povoado, que tamb\u00e9m v\u00e3o a p\u00e9, de bicicleta ou de carro.<\/p>\n","protected":false},"excerpt":{"rendered":"<p>Atividades tur\u00edsticas na ilha: Atividades esportivas: caminhadas, equita\u00e7\u00e3o, golfe, t\u00eanis, bilhares, muscula\u00e7\u00e3o, hobie-cat, surf, pesca em mar alto, wake-board, mergulho, kite-surf (aulas e aluguel), p\u00e1ra-quedas ascencional. Outras lazeres: excurs\u00f5es com guia no interior da ilha, no mar (baleias, golfinhos, arraias, tubar\u00f5es, tartarugas) aluguel de carro com chofer, passeio na laguna em barco com fundo de [&hellip;]<\/p>\n","protected":false},"author":4,"featured_media":0,"parent":0,"menu_order":0,"comment_status":"open","ping_status":"closed","template":"","meta":{"_genesis_hide_title":false,"_genesis_hide_breadcrumbs":false,"_genesis_hide_singular_image":false,"_genesis_hide_footer_widgets":false,"_genesis_custom_body_class":"","_genesis_custom_post_class":"","_genesis_layout":"","footnotes":""},"class_list":{"0":"post-392","1":"page","2":"type-page","3":"status-publish","5":"entry"},"_links":{"self":[{"href":"https:\/\/www.tahitibeachhouse.com\/pt-pt\/wp-json\/wp\/v2\/pages\/392","targetHints":{"allow":["GET"]}}],"collection":[{"href":"https:\/\/www.tahitibeachhouse.com\/pt-pt\/wp-json\/wp\/v2\/pages"}],"about":[{"href":"https:\/\/www.tahitibeachhouse.com\/pt-pt\/wp-json\/wp\/v2\/types\/page"}],"author":[{"embeddable":true,"href":"https:\/\/www.tahitibeachhouse.com\/pt-pt\/wp-json\/wp\/v2\/users\/4"}],"replies":[{"embeddable":true,"href":"https:\/\/www.tahitibeachhouse.com\/pt-pt\/wp-json\/wp\/v2\/comments?post=392"}],"version-history":[{"count":1,"href":"https:\/\/www.tahitibeachhouse.com\/pt-pt\/wp-json\/wp\/v2\/pages\/392\/revisions"}],"predecessor-version":[{"id":1039,"href":"https:\/\/www.tahitibeachhouse.com\/pt-pt\/wp-json\/wp\/v2\/pages\/392\/revisions\/1039"}],"wp:attachment":[{"href":"https:\/\/www.tahitibeachhouse.com\/pt-pt\/wp-json\/wp\/v2\/media?parent=392"}],"curies":[{"name":"wp","href":"https:\/\/api.w.org\/{rel}","templated":true}]}}