{"id":399,"date":"2013-04-08T15:32:02","date_gmt":"2013-04-09T01:32:02","guid":{"rendered":"https:\/\/www.tahitibeachhouse.com\/?page_id=399"},"modified":"2024-05-14T09:36:29","modified_gmt":"2024-05-14T19:36:29","slug":"tarifas-e-reservas","status":"publish","type":"page","link":"https:\/\/www.tahitibeachhouse.com\/pt-pt\/tarifas-e-reservas\/","title":{"rendered":"Tarifas e reservas"},"content":{"rendered":"<p><strong>Tarifas<\/strong><\/p>\n<p>2024<\/p>\n<table style=\"height: 326px;\" width=\"823\">\n<tbody>\n<tr>\n<td width=\"31\">noites<\/td>\n<td width=\"37\">Reduc<\/td>\n<td width=\"59\">\/noite<\/td>\n<td width=\"84\">Pre\u00e7o CFP<\/td>\n<td width=\"52\">\/noite<\/td>\n<td width=\"51\">Pre\u00e7o \u20ac<\/td>\n<td width=\"8\"><\/td>\n<td width=\"59\">\u00e9poca alta\/noite<\/td>\n<td width=\"75\">Pre\u00e7o CFP<\/td>\n<td width=\"41\">\/noite<\/td>\n<td width=\"52\">Pre\u00e7o \u20ac<\/td>\n<\/tr>\n<tr>\n<td>1<\/td>\n<td><\/td>\n<td>52 700<\/td>\n<td>52 700<\/td>\n<td>442<\/td>\n<td>442<\/td>\n<td><\/td>\n<td>58 000<\/td>\n<td>58 000<\/td>\n<td>486<\/td>\n<td>486<\/td>\n<\/tr>\n<tr>\n<td>7<\/td>\n<td>10%<\/td>\n<td>47 400<\/td>\n<td>331 800<\/td>\n<td>398<\/td>\n<td>2 786<\/td>\n<td><\/td>\n<td>52 200<\/td>\n<td>365 400<\/td>\n<td>437<\/td>\n<td>3 059<\/td>\n<\/tr>\n<tr>\n<td>14<\/td>\n<td>15%<\/td>\n<td>44 800<\/td>\n<td>627 200<\/td>\n<td>375<\/td>\n<td>5 250<\/td>\n<td><\/td>\n<td>49 300<\/td>\n<td>690 200<\/td>\n<td>413<\/td>\n<td>5 782<\/td>\n<\/tr>\n<tr>\n<td>21<\/td>\n<td>20%<\/td>\n<td>42 200<\/td>\n<td>886 200<\/td>\n<td>354<\/td>\n<td>7 434<\/td>\n<td><\/td>\n<td>46 400<\/td>\n<td>974 400<\/td>\n<td>389<\/td>\n<td>8 169<\/td>\n<\/tr>\n<tr>\n<td>28<\/td>\n<td>15%<\/td>\n<td>44 800<\/td>\n<td>1 254 400<\/td>\n<td>375<\/td>\n<td>10 500<\/td>\n<td><\/td>\n<td>49 300<\/td>\n<td>1 380 400<\/td>\n<td>413<\/td>\n<td>11 564<\/td>\n<\/tr>\n<\/tbody>\n<\/table>\n<p>calendario de disponibilidad:<\/p>\n<p><a href=\"https:\/\/www.airbnb.fr\/rooms\/8762671\" target=\"_blank\" rel=\"noopener\"><strong>https:\/\/www.airbnb.fr\/rooms\/8762671<\/strong><\/a><\/p>\n<p><a href=\"https:\/\/www.shared-house.com\/Louer\/Maharepa,fr,70152.htm\" target=\"_blank\" rel=\"noopener\"><strong>https:\/\/www.shared-house.com\/Louer\/Maharepa,fr,70152.htm<\/strong><\/a><br \/>\nDura\u00e7\u00e3o m\u00ednima de 2 noites<br \/>\nDo meio dia at\u00e9 10h<br \/>\nM\u00e1ximo: 12 pessoas<br \/>\nEsta\u00e7\u00e3o alta: julho, agosto, dezembro: +10%<\/p>\n<p>Os pre\u00e7os s\u00e3o fixados em francs pacifique (moeda taitiana) e euros. Toda outra moeda ser\u00e1 avaliada segundo o c\u00e2mbio do dia da reserva e do pagamento.<\/p>\n<p>As noites devem ser consecutivas para que haja redu\u00e7\u00e3o<br \/>\n1\u20ac =119,33 fcp<\/p>\n<p>Como referencial dos pre\u00e7os locais, um bangal\u00f4 na beira d&#8217;\u00e1gua num hotel em Mo&#8217;orea custa entre 20 a 100 000 fcp (840 \u20ac)\/ dia. Os h\u00f3spedes sempre ficam encantados com sua estadia na Tahiti Beach House. O produto \u00e9 \u00fanico em Mo&#8217;orea pois, entre n\u00f3s, o conforto do h\u00f3spede se conjuga ao charme de uma casa e propriedade particular com vizinhos polin\u00e9sios.<\/p>\n","protected":false},"excerpt":{"rendered":"<p>Tarifas 2024 noites Reduc \/noite Pre\u00e7o CFP \/noite Pre\u00e7o \u20ac \u00e9poca alta\/noite Pre\u00e7o CFP \/noite Pre\u00e7o \u20ac 1 52 700 52 700 442 442 58 000 58 000 486 486 7 10% 47 400 331 800 398 2 786 52 200 365 400 437 3 059 14 15% 44 800 627 200 375 5 250 [&hellip;]<\/p>\n","protected":false},"author":4,"featured_media":0,"parent":0,"menu_order":0,"comment_status":"open","ping_status":"open","template":"","meta":{"_genesis_hide_title":false,"_genesis_hide_breadcrumbs":false,"_genesis_hide_singular_image":false,"_genesis_hide_footer_widgets":false,"_genesis_custom_body_class":"","_genesis_custom_post_class":"","_genesis_layout":"","footnotes":""},"class_list":{"0":"post-399","1":"page","2":"type-page","3":"status-publish","5":"entry"},"_links":{"self":[{"href":"https:\/\/www.tahitibeachhouse.com\/pt-pt\/wp-json\/wp\/v2\/pages\/399","targetHints":{"allow":["GET"]}}],"collection":[{"href":"https:\/\/www.tahitibeachhouse.com\/pt-pt\/wp-json\/wp\/v2\/pages"}],"about":[{"href":"https:\/\/www.tahitibeachhouse.com\/pt-pt\/wp-json\/wp\/v2\/types\/page"}],"author":[{"embeddable":true,"href":"https:\/\/www.tahitibeachhouse.com\/pt-pt\/wp-json\/wp\/v2\/users\/4"}],"replies":[{"embeddable":true,"href":"https:\/\/www.tahitibeachhouse.com\/pt-pt\/wp-json\/wp\/v2\/comments?post=399"}],"version-history":[{"count":4,"href":"https:\/\/www.tahitibeachhouse.com\/pt-pt\/wp-json\/wp\/v2\/pages\/399\/revisions"}],"predecessor-version":[{"id":1076,"href":"https:\/\/www.tahitibeachhouse.com\/pt-pt\/wp-json\/wp\/v2\/pages\/399\/revisions\/1076"}],"wp:attachment":[{"href":"https:\/\/www.tahitibeachhouse.com\/pt-pt\/wp-json\/wp\/v2\/media?parent=399"}],"curies":[{"name":"wp","href":"https:\/\/api.w.org\/{rel}","templated":true}]}}