{"id":403,"date":"2013-04-08T15:46:01","date_gmt":"2013-04-09T01:46:01","guid":{"rendered":"https:\/\/www.tahitibeachhouse.com\/?page_id=403"},"modified":"2024-05-15T08:38:15","modified_gmt":"2024-05-15T18:38:15","slug":"a-casa","status":"publish","type":"page","link":"https:\/\/www.tahitibeachhouse.com\/pt-pt\/a-casa\/","title":{"rendered":"A casa"},"content":{"rendered":"<p><img loading=\"lazy\" decoding=\"async\" class=\"aligncenter  wp-image-1063\" src=\"https:\/\/www.tahitibeachhouse.com\/wp-content\/uploads\/2024\/05\/the-house.png\" alt=\"\" width=\"540\" height=\"619\" srcset=\"https:\/\/www.tahitibeachhouse.com\/wp-content\/uploads\/2024\/05\/the-house.png 1022w, https:\/\/www.tahitibeachhouse.com\/wp-content\/uploads\/2024\/05\/the-house-262x300.png 262w, https:\/\/www.tahitibeachhouse.com\/wp-content\/uploads\/2024\/05\/the-house-893x1024.png 893w, https:\/\/www.tahitibeachhouse.com\/wp-content\/uploads\/2024\/05\/the-house-768x881.png 768w\" sizes=\"auto, (max-width: 540px) 100vw, 540px\" \/><\/p>\n<p>Meus pais, pai franc\u00eas e m\u00e3e taitiana, constru\u00edram essa bela casa de madeira sobre palafitas 50 anos atr\u00e1s. Nessa \u00e9poca, s\u00f3 havia uma estrada de brita de coral e uma d\u00fazia de carros percorriam Mo&#8217;orea. Ela foi reformada em 2007 e 2008. O telhado de telhas de madeira \u00e9 coberto com placas brancas de metal galvanizado e, quando visto do mar, fica escondido atr\u00e1s das \u00e1rvores. As grandes portas de vidro da sala de estar convidam a apreciar os belos jardins e o mar. Pinturas, mob\u00edlia, decora\u00e7\u00e3o e colchas taitianas t\u00edpicas contribuem \u00e0 atmosfera calorosa da casa:<\/p>\n<p><strong>Superf\u00edcie:<\/strong> T\u00e9rreo 147 m2, mezanino (sobre os 3 quartos) 64 m2, varanda 42 m2, jardim 3000 m2.<\/p>\n<p>3 quartos de 15 m2 com cama king size (quarto em frente ao mar com ar condicionado), 2 banheiros de 9 m2, camas adicionais: 2 king size e 1 queen size no mezanino, 1 ber\u00e7o;<br \/>\nSala de estar de 54 m2 com um muito espa\u00e7o entre o teto alto e o soalho, cozinha de 18 m2, varanda com mesa externa;<\/p>\n<p><strong>Exterior:<\/strong> Anexos \u00e0 garagem: sala de massagem de 12 m2, estacionamento coberto para 2 carros, com port\u00e3o el\u00e9trico e passagem de 32 m coberta com telhas de madeira, do estacionamento at\u00e9 a casa, muito apreciada quando chove.<br \/>\nJardim florido e plantado com \u00e1rvores frut\u00edferas que pode ser iluminado \u00e0 noite;<\/p>\n<p>O passe (abertura na bancada de coral entre a laguna e o oceano) \u00e9 pr\u00f3ximo e pode-se ancorar um barco em frente a casa entre os corais. A \u00e1gua cristalina e o fundo de areia branca convidam a se banhar. A praia \u00e9 protegida por pedras. A \u00e1gua vai at\u00e9 os joelhos por alguns passos e, ent\u00e3o, dependendo da profundidade, torna-se azul turquesa ou azul marinho. Ideal para caminhar, nadar e mergulhar com tuba. \u00c9 poss\u00edvel ver arraias leopardo, conchas e moluscos, peixes, tartarugas e outros habitantes coloridos dos corais&#8230;<\/p>\n<p>Uma pequena montanha nos fundos protege a casa dos ventos frescos do sul na esta\u00e7\u00e3o seca (em julho).<\/p>\n<p><strong>Equipamento dispon\u00edvel:<\/strong> micro-ondas, m\u00e1quina de caf\u00e9 (filtre o doseta), geladeira, rice cooker, m\u00e1quina de lavar roupa 9 kg, ferro el\u00e9trico e prancha de passar roupa, varal exterior ou em mezanino, utens\u00edlios, lou\u00e7a, churrasqueira a gaz, 3 cadeiras espregui\u00e7adeiras, uma canoa, 3 caiaques, aparelhos el\u00e9tricos anti-mosquitos, p\u00e9s-de-pato (longos), m\u00e1scaras de mergulho, tubas, mosquiteiro, rede, TV (+Netflix), amplificador est\u00e9reo, ventiladores port\u00e1veis.<\/p>\n<p><strong>Servi\u00e7os incluidos :<\/strong> Acesso a Internet por fibra optica, TV (+ Netlix), jardim bem cuidado, gramado aparado cada 2 semanas, despesa de eletricidade, guarda-bagagem (sob certas condi\u00e7\u00f5es).<\/p>\n<p><strong>Despesas adicionais:<\/strong><br \/>\nA casa prop\u00f5e diversos servi\u00e7os extras (faxina, passar roupa, trabalho dom\u00e9stico) y contactos por cozinheiro taitiano (cozinha caseira francesa, taitiana, chinesa: <em>Peixe cru ao leite de coco, sashimi,&#8230;<\/em>), massagem taitiana, organiza\u00e7\u00e3o de noitada taitiana, de noitada DJ, aluguel de carro, de lambreta e de bicicleta, uma linha de telefone fixo. As tarifas est\u00e3o dispon\u00edveis diretamente na casa.<\/p>\n","protected":false},"excerpt":{"rendered":"<p>Meus pais, pai franc\u00eas e m\u00e3e taitiana, constru\u00edram essa bela casa de madeira sobre palafitas 50 anos atr\u00e1s. Nessa \u00e9poca, s\u00f3 havia uma estrada de brita de coral e uma d\u00fazia de carros percorriam Mo&#8217;orea. Ela foi reformada em 2007 e 2008. O telhado de telhas de madeira \u00e9 coberto com placas brancas de metal [&hellip;]<\/p>\n","protected":false},"author":4,"featured_media":0,"parent":0,"menu_order":0,"comment_status":"open","ping_status":"open","template":"","meta":{"_genesis_hide_title":false,"_genesis_hide_breadcrumbs":false,"_genesis_hide_singular_image":false,"_genesis_hide_footer_widgets":false,"_genesis_custom_body_class":"","_genesis_custom_post_class":"","_genesis_layout":"","footnotes":""},"class_list":{"0":"post-403","1":"page","2":"type-page","3":"status-publish","5":"entry"},"_links":{"self":[{"href":"https:\/\/www.tahitibeachhouse.com\/pt-pt\/wp-json\/wp\/v2\/pages\/403","targetHints":{"allow":["GET"]}}],"collection":[{"href":"https:\/\/www.tahitibeachhouse.com\/pt-pt\/wp-json\/wp\/v2\/pages"}],"about":[{"href":"https:\/\/www.tahitibeachhouse.com\/pt-pt\/wp-json\/wp\/v2\/types\/page"}],"author":[{"embeddable":true,"href":"https:\/\/www.tahitibeachhouse.com\/pt-pt\/wp-json\/wp\/v2\/users\/4"}],"replies":[{"embeddable":true,"href":"https:\/\/www.tahitibeachhouse.com\/pt-pt\/wp-json\/wp\/v2\/comments?post=403"}],"version-history":[{"count":3,"href":"https:\/\/www.tahitibeachhouse.com\/pt-pt\/wp-json\/wp\/v2\/pages\/403\/revisions"}],"predecessor-version":[{"id":1083,"href":"https:\/\/www.tahitibeachhouse.com\/pt-pt\/wp-json\/wp\/v2\/pages\/403\/revisions\/1083"}],"wp:attachment":[{"href":"https:\/\/www.tahitibeachhouse.com\/pt-pt\/wp-json\/wp\/v2\/media?parent=403"}],"curies":[{"name":"wp","href":"https:\/\/api.w.org\/{rel}","templated":true}]}}