{"id":408,"date":"2013-04-09T09:32:59","date_gmt":"2013-04-09T19:32:59","guid":{"rendered":"https:\/\/www.tahitibeachhouse.com\/?page_id=408"},"modified":"2024-05-07T03:41:50","modified_gmt":"2024-05-07T13:41:50","slug":"moorea","status":"publish","type":"page","link":"https:\/\/www.tahitibeachhouse.com\/pt-pt\/moorea\/","title":{"rendered":"Moorea"},"content":{"rendered":"<p>Mo&#8217;orea, ilha-irm\u00e3 de Taiti<br \/>\nA do\u00e7ura e a constancia dos ventos al\u00edseos impedem o calor forte e asseguram o melhor sol da ilha. Isso explica porqu\u00ea h\u00e1 menos mosquitos do que no interior dos vales. O ar puro e salino, a limpidez da laguna mar\u00edtima, a calma, a beleza do jardim e o charme da casa os seduzir\u00e3o.<\/p>\n<p>O local (o dela, Seu) dele \u00e9 muito pr\u00e1tico, em 4,5 kms do aeroporto, em 17 kms do doca. A rota para ete de Papa dura 7 minutos, 30 minutos em balsa r\u00e1pida, de avi\u00e3o a 45 mn em balsa. Ela (isto) tamb\u00e9m \u00e9 3 km do golfe, 2 kms do centro comercial de Maharepa (doutores, farm\u00e1cia, banco). H\u00e1 35 lanchonetes (lanches) e restaurantes, galerias e lojas, em uma viga de 5 km (estante). H\u00e1 a loja de um dono de mercearia e restaurantes mesmo perto.<\/p>\n<p>Provavelmente, Moorea corresponde melhor \u00e0 expectativa dos turistas do que Bora Bora, antiga base americana durante a segunda guerra. Na hist\u00f3ria polin\u00e9sia, como as guerras entre cl\u00e3s eram frequentes, Moorea acolhia as tropas vencidas que fugiam de Tahiti. O capit\u00e3o Cook a visitou no fim do s\u00e9culo 18. Atualmente, cerca de 2000 moradores de Moorea trabalham no Tahiti. A maioria dos pintores e escultores vivem na ilha em virtude da sua beleza natural e da gentileza da popula\u00e7\u00e3o. Alguns nativos falam ingl\u00eas, a maioria fala taitiano, que faz parte das l\u00ednguas faladas no triangulo polin\u00e9sio Hava\u00ed-Ilha da P\u00e1scoa (Rapa Nui)-Nova Zel\u00e2ndia (Te-ao-tea-roa). O idioma oficial (l\u00edngua) \u00e9 franc\u00eas.<\/p>\n","protected":false},"excerpt":{"rendered":"<p>Mo&#8217;orea, ilha-irm\u00e3 de Taiti A do\u00e7ura e a constancia dos ventos al\u00edseos impedem o calor forte e asseguram o melhor sol da ilha. Isso explica porqu\u00ea h\u00e1 menos mosquitos do que no interior dos vales. O ar puro e salino, a limpidez da laguna mar\u00edtima, a calma, a beleza do jardim e o charme da [&hellip;]<\/p>\n","protected":false},"author":4,"featured_media":0,"parent":0,"menu_order":0,"comment_status":"open","ping_status":"open","template":"","meta":{"_genesis_hide_title":false,"_genesis_hide_breadcrumbs":false,"_genesis_hide_singular_image":false,"_genesis_hide_footer_widgets":false,"_genesis_custom_body_class":"","_genesis_custom_post_class":"","_genesis_layout":"","footnotes":""},"class_list":{"0":"post-408","1":"page","2":"type-page","3":"status-publish","5":"entry"},"_links":{"self":[{"href":"https:\/\/www.tahitibeachhouse.com\/pt-pt\/wp-json\/wp\/v2\/pages\/408","targetHints":{"allow":["GET"]}}],"collection":[{"href":"https:\/\/www.tahitibeachhouse.com\/pt-pt\/wp-json\/wp\/v2\/pages"}],"about":[{"href":"https:\/\/www.tahitibeachhouse.com\/pt-pt\/wp-json\/wp\/v2\/types\/page"}],"author":[{"embeddable":true,"href":"https:\/\/www.tahitibeachhouse.com\/pt-pt\/wp-json\/wp\/v2\/users\/4"}],"replies":[{"embeddable":true,"href":"https:\/\/www.tahitibeachhouse.com\/pt-pt\/wp-json\/wp\/v2\/comments?post=408"}],"version-history":[{"count":1,"href":"https:\/\/www.tahitibeachhouse.com\/pt-pt\/wp-json\/wp\/v2\/pages\/408\/revisions"}],"predecessor-version":[{"id":933,"href":"https:\/\/www.tahitibeachhouse.com\/pt-pt\/wp-json\/wp\/v2\/pages\/408\/revisions\/933"}],"wp:attachment":[{"href":"https:\/\/www.tahitibeachhouse.com\/pt-pt\/wp-json\/wp\/v2\/media?parent=408"}],"curies":[{"name":"wp","href":"https:\/\/api.w.org\/{rel}","templated":true}]}}