{"id":411,"date":"2013-04-09T09:35:31","date_gmt":"2013-04-09T19:35:31","guid":{"rendered":"https:\/\/www.tahitibeachhouse.com\/?page_id=411"},"modified":"2024-05-09T07:30:23","modified_gmt":"2024-05-09T17:30:23","slug":"informacoes-uteis","status":"publish","type":"page","link":"https:\/\/www.tahitibeachhouse.com\/pt-pt\/informacoes-uteis\/","title":{"rendered":"Informa\u00e7\u00f5es \u00fateis"},"content":{"rendered":"<p><strong>Tragam<\/strong>&#8230;<br \/>\nRoupas descontra\u00eddas para clima tropical, um su\u00e9ter (na esta\u00e7\u00e3o fria) t\u00eanis (para as caminhadas), carteira de habilita\u00e7\u00e3o (terrestre e mar\u00edtima, no caso de dirigir barco), cart\u00f5es de cr\u00e9dito, bon\u00e9\/chap\u00e9u, \u00f3culos escuros; celular (sistema Europa-\u00c1sia), laptop, m\u00e1quina fotogr\u00e1fica (com nota de compra para o controle aduaneiro, se s\u00e3o novos), adaptador de tomada &#8230;<\/p>\n<p><strong>Na hora de partir<\/strong>&#8230;<br \/>\n\u00c9 conveniente ter a nota das p\u00e9rolas que voc\u00eas compraram, e as declarar \u00e0 aduana se \u00e9 para serem comercializadas. H\u00e1 um servi\u00e7o local de agricultura que verifica e os informa quais s\u00e3o as frutas, flores, plantas e alimentos que podem ser levados para o exterior e sob quais condi\u00e7\u00f5es. Saibam que os pa\u00edses vizinhos, do Pac\u00edfico, aplicam controle severo com multas pesadas.<\/p>\n","protected":false},"excerpt":{"rendered":"<p>Tragam&#8230; Roupas descontra\u00eddas para clima tropical, um su\u00e9ter (na esta\u00e7\u00e3o fria) t\u00eanis (para as caminhadas), carteira de habilita\u00e7\u00e3o (terrestre e mar\u00edtima, no caso de dirigir barco), cart\u00f5es de cr\u00e9dito, bon\u00e9\/chap\u00e9u, \u00f3culos escuros; celular (sistema Europa-\u00c1sia), laptop, m\u00e1quina fotogr\u00e1fica (com nota de compra para o controle aduaneiro, se s\u00e3o novos), adaptador de tomada &#8230; Na hora [&hellip;]<\/p>\n","protected":false},"author":4,"featured_media":0,"parent":0,"menu_order":0,"comment_status":"open","ping_status":"open","template":"","meta":{"_genesis_hide_title":false,"_genesis_hide_breadcrumbs":false,"_genesis_hide_singular_image":false,"_genesis_hide_footer_widgets":false,"_genesis_custom_body_class":"","_genesis_custom_post_class":"","_genesis_layout":"","footnotes":""},"class_list":{"0":"post-411","1":"page","2":"type-page","3":"status-publish","5":"entry"},"_links":{"self":[{"href":"https:\/\/www.tahitibeachhouse.com\/pt-pt\/wp-json\/wp\/v2\/pages\/411","targetHints":{"allow":["GET"]}}],"collection":[{"href":"https:\/\/www.tahitibeachhouse.com\/pt-pt\/wp-json\/wp\/v2\/pages"}],"about":[{"href":"https:\/\/www.tahitibeachhouse.com\/pt-pt\/wp-json\/wp\/v2\/types\/page"}],"author":[{"embeddable":true,"href":"https:\/\/www.tahitibeachhouse.com\/pt-pt\/wp-json\/wp\/v2\/users\/4"}],"replies":[{"embeddable":true,"href":"https:\/\/www.tahitibeachhouse.com\/pt-pt\/wp-json\/wp\/v2\/comments?post=411"}],"version-history":[{"count":1,"href":"https:\/\/www.tahitibeachhouse.com\/pt-pt\/wp-json\/wp\/v2\/pages\/411\/revisions"}],"predecessor-version":[{"id":983,"href":"https:\/\/www.tahitibeachhouse.com\/pt-pt\/wp-json\/wp\/v2\/pages\/411\/revisions\/983"}],"wp:attachment":[{"href":"https:\/\/www.tahitibeachhouse.com\/pt-pt\/wp-json\/wp\/v2\/media?parent=411"}],"curies":[{"name":"wp","href":"https:\/\/api.w.org\/{rel}","templated":true}]}}