{"id":430,"date":"2013-04-09T10:16:40","date_gmt":"2013-04-09T20:16:40","guid":{"rendered":"https:\/\/www.tahitibeachhouse.com\/?page_id=430"},"modified":"2024-05-09T11:17:42","modified_gmt":"2024-05-09T21:17:42","slug":"info-de-pagamento","status":"publish","type":"page","link":"https:\/\/www.tahitibeachhouse.com\/pt-pt\/info-de-pagamento\/","title":{"rendered":"info de pagamento"},"content":{"rendered":"<p>Dinheiro ou transfer\u00eancia banc\u00e1ria<\/p>\n<p><strong>Contrato :<\/strong><br \/>\nNa chegada, o h\u00f3spede assina um formul\u00e1rio simples de aluguel de casa de temporada de acordo com a lei francesa, isentando o propriet\u00e1rio da casa da responsabilidade em caso de incidente ou les\u00e3o aos h\u00f3spedes ou provocada por eles.<\/p>\n<p><strong>Dep\u00f3sito de seguran\u00e7a :<\/strong><br \/>\nPara que qualquer objeto faltante ou danificado possa ser substitu\u00eddo, consertado ou cobrado, um dep\u00f3sito de seguran\u00e7a de 1.250 euros (150.000 CFP) deve ser pago o mais tardar na chegada \u00e0 casa. O saldo ou o dep\u00f3sito integral \u00e9 reembolsado em um m\u00eas ap\u00f3s a sa\u00edda da casa.<\/p>\n<p><strong>Dep\u00f3sito de reserva :<\/strong><br \/>\nA reserva \u00e9 registrada com mais de um m\u00eas de anteced\u00eancia mediante o pagamento de 25% do valor global do aluguel. Ser\u00e1 cobrada uma taxa de 20 euros por transfer\u00eancia banc\u00e1ria.<\/p>\n<p><strong>Saldo pendente :<\/strong><br \/>\nO pagamento do saldo de 75% deve ser feito com um m\u00eas de anteced\u00eancia. Ser\u00e1 cobrada uma taxa de 20 euros por transfer\u00eancia banc\u00e1ria.<\/p>\n<p><strong>Condi\u00e7\u00f5es de cancelamento :<\/strong><br \/>\nAntes de 15 dias antes da chegada: 25% do valor global ser\u00e1 cobrado.<br \/>\nA partir do 14\u00ba dia anterior: 100% do valor global ser\u00e1 cobrado. Em caso de reembolso por transfer\u00eancia banc\u00e1ria do propriet\u00e1rio para o h\u00f3spede, ser\u00e1 cobrada uma taxa de 20 euros para a transfer\u00eancia banc\u00e1ria a cargo do h\u00f3spede.<\/p>\n","protected":false},"excerpt":{"rendered":"<p>Dinheiro ou transfer\u00eancia banc\u00e1ria Contrato : Na chegada, o h\u00f3spede assina um formul\u00e1rio simples de aluguel de casa de temporada de acordo com a lei francesa, isentando o propriet\u00e1rio da casa da responsabilidade em caso de incidente ou les\u00e3o aos h\u00f3spedes ou provocada por eles. Dep\u00f3sito de seguran\u00e7a : Para que qualquer objeto faltante ou [&hellip;]<\/p>\n","protected":false},"author":4,"featured_media":0,"parent":0,"menu_order":0,"comment_status":"open","ping_status":"open","template":"","meta":{"_genesis_hide_title":false,"_genesis_hide_breadcrumbs":false,"_genesis_hide_singular_image":false,"_genesis_hide_footer_widgets":false,"_genesis_custom_body_class":"","_genesis_custom_post_class":"","_genesis_layout":"","footnotes":""},"class_list":{"0":"post-430","1":"page","2":"type-page","3":"status-publish","5":"entry"},"_links":{"self":[{"href":"https:\/\/www.tahitibeachhouse.com\/pt-pt\/wp-json\/wp\/v2\/pages\/430","targetHints":{"allow":["GET"]}}],"collection":[{"href":"https:\/\/www.tahitibeachhouse.com\/pt-pt\/wp-json\/wp\/v2\/pages"}],"about":[{"href":"https:\/\/www.tahitibeachhouse.com\/pt-pt\/wp-json\/wp\/v2\/types\/page"}],"author":[{"embeddable":true,"href":"https:\/\/www.tahitibeachhouse.com\/pt-pt\/wp-json\/wp\/v2\/users\/4"}],"replies":[{"embeddable":true,"href":"https:\/\/www.tahitibeachhouse.com\/pt-pt\/wp-json\/wp\/v2\/comments?post=430"}],"version-history":[{"count":3,"href":"https:\/\/www.tahitibeachhouse.com\/pt-pt\/wp-json\/wp\/v2\/pages\/430\/revisions"}],"predecessor-version":[{"id":1044,"href":"https:\/\/www.tahitibeachhouse.com\/pt-pt\/wp-json\/wp\/v2\/pages\/430\/revisions\/1044"}],"wp:attachment":[{"href":"https:\/\/www.tahitibeachhouse.com\/pt-pt\/wp-json\/wp\/v2\/media?parent=430"}],"curies":[{"name":"wp","href":"https:\/\/api.w.org\/{rel}","templated":true}]}}